{"id":10514,"date":"2024-11-25T13:42:14","date_gmt":"2024-11-25T11:42:14","guid":{"rendered":"https:\/\/volcatbtt.com\/faq\/"},"modified":"2025-11-20T12:07:57","modified_gmt":"2025-11-20T10:07:57","slug":"faq-volcat-igualada-ca","status":"publish","type":"page","link":"https:\/\/volcatbtt.com\/ca\/faq-volcat-igualada-ca\/","title":{"rendered":"FAQ"},"content":{"rendered":"<div class=\"wpb-content-wrapper\">[vc_row][vc_column]<style>.vcex-page-title.vcex_69df5356c120c .vcex-page-title__heading{font-size:50px;font-weight:700;}<\/style><div class=\"vcex-page-title vcex-module wpex-text-center vcex_69df5356c120c\"><h1 class=\"vcex-page-title__heading wpex-heading wpex-text-3xl\"><span class=\"vcex-page-title__text\">FAQ<\/span><\/h1><\/div>[\/vc_column][\/vc_row][vc_row gap=&#8221;35&#8243;][vc_column width=&#8221;1\/2&#8243;][vc_column_text css=&#8221;&#8221;]\n<h3 style=\"text-align: justify;\"><span style=\"font-size: 16px;\"><strong>ON I QUAN PODR\u00c9 RECOLLIR EL DORSAL?<\/strong><\/span><\/h3>\n<p class=\"p3\" style=\"text-align: justify;\"><span style=\"font-size: 14px;\">El dorsal es pot recollir a partir del 2 d\u2019Abril o el dia de la prova fins a una hora abans de la sortida.<\/span><\/p>\n<h3 style=\"text-align: justify;\"><span style=\"font-size: 16px;\"><strong>COM PUC TROBAR EL MEU N\u00daMERO DE DORSAL?<\/strong><\/span><\/h3>\n<p class=\"p3\" style=\"text-align: justify;\"><span style=\"font-size: 14px;\">El n\u00famero de dorsal es podr\u00e0 trobar al panell d\u2019informaci\u00f3 a l&#8217;oficina de cursa el mateix dia.<\/span><\/p>\n<h3 style=\"text-align: justify;\"><span style=\"font-size: 16px;\"><strong>ON PUC TROBAR EL RECORREGUT DE LA PROVA?<\/strong><\/span><\/h3>\n<p class=\"p3\" style=\"text-align: justify;\"><span style=\"font-size: 14px;\">El recorregut estar\u00e0 publicat a la mateixa pagina web. Si no est\u00e0 penjat, \u00e9s perqu\u00e8 encara no tenim el recorregut definit o s\u2019han de canviar coses! El dia de la cursa sempre pengem tots els recorreguts.<\/span><\/p>\n<h3 style=\"text-align: justify;\"><span style=\"font-size: 16px;\"><strong>FINS A QUIN DIA ESTARAN OBERTES LES INSCRIPCIONS?<\/strong><\/span><\/h3>\n<p class=\"p3\" style=\"text-align: justify;\"><span style=\"font-size: 14px;\">Les inscripcions estan obertes fins al dimecres anterior de la cursa a les 23h59. Tamb\u00e9 \u00e9s pot inscriure presencialment amb un c\u00e0rrec de 10\u20ac.<\/span><\/p>\n<h3 style=\"text-align: justify;\"><span style=\"font-size: 16px;\"><strong>QUINA \u00c9S LA DIFER\u00c8NCIA ENTRE OPEN I PRO?<\/strong> <\/span><\/h3>\n<p style=\"text-align: justify;\"><span style=\"font-size: 14px;\">Pots participar en la categoria PRO si tens una llic\u00e8ncia federativa de ciclisme. La categoria \u00e9s competitiva i et dona punts UCI. OPEN \u00e9s per a aquells que no tenen llic\u00e8ncia o nom\u00e9s una llic\u00e8ncia cicloturista i que no volen competir per punts.<\/span><\/p>\n<h3 style=\"text-align: justify;\"><span style=\"font-size: 16px;\"><strong>PUC CANVIAR LA TALLA DEL MAILLOT?<\/strong><\/span><\/h3>\n<p class=\"p3\" style=\"text-align: justify;\"><span style=\"font-size: 14px;\">Envia&#8217;ns un correu per demanar si encara es pot canviar la talla. Si les inscripcions estan tancades, no es podr\u00e0 fer cap canvi fins que no s&#8217;acabi la cursa. Un cop acabada la cursa, es pot passar a l&#8217;oficina de cursa i mirar si queden talles.<\/span><\/p>\n<h3 style=\"text-align: justify;\"><span style=\"font-size: 16px;\"><strong>ON ES FAR\u00c0 LA SORTIDA?<\/strong><\/span><\/h3>\n<p class=\"p3\" style=\"text-align: justify;\"><span style=\"font-size: 14px;\">La sortida \u00e9s far\u00e0 a la zona del festival, al costat de la carpa d&#8217;inscripcions.<\/span><\/p>\n[\/vc_column_text][\/vc_column][vc_column width=&#8221;1\/2&#8243;][vc_column_text css=&#8221;&#8221;]\n<h3><span style=\"font-size: 16px;\"><strong>ON ES POT APARCAR?<\/strong><\/span><\/h3>\n<p class=\"p3\"><span style=\"font-size: 14px;\">No hi ha p\u00e0rquing de l&#8217;esdeveniment, per\u00f2 la zona ofereix p\u00e0rquings p\u00fablics just al costat.<\/span><\/p>\n<h3><span style=\"font-size: 16px;\"><strong>HI HAUR\u00c0 ZONA D&#8217;AUTOCARAVANA?<\/strong><\/span><\/h3>\n<p class=\"p3\"><span style=\"font-size: 14px;\">Hi haur\u00e0 una zona d&#8217;autocaravana al costat del festival. Les places estan limitades i s\u2019ha de fer la inscripci\u00f3 trav\u00e8s la pagina web.<\/span><\/p>\n<h3><span style=\"font-size: 16px;\"><strong>COM PUC ACONSEGUIR UN ESPAI DE PADDOCK?<\/strong><\/span><\/h3>\n<p class=\"p3\"><span style=\"font-size: 14px;\">Per aconseguir un espai de Paddock per consultar si encara en queda, envia un correu a <span class=\"s1\">hola@ociport.net<\/span>.<\/span><\/p>\n<h3><span style=\"font-size: 16px;\"><strong>NO HE REBUT EL JUSTIFICANT DE L\u2019INSCRIPCI\u00d3. QUE S&#8217;HA DE FER?<\/strong><\/span><\/h3>\n<p><span style=\"font-size: 14px;\">Envia un correu a hola@ocisport.net.<\/span><\/p>\n<h3><span style=\"font-size: 16px;\"><strong>HE PERDUT EL MEU DORSAL. QUE HAIG DE FER?<\/strong><\/span><\/h3>\n<p><span style=\"font-size: 14px;\">Presenta\u2019t a l\u2019oficina de cursa el dia de la prova i farem un canvi de dorsal.<\/span><br \/>\n<span style=\"font-size: 14px;\">Important: El preu del canvi \u00e9s de 5\u20ac.<\/span><\/p>\n<h3><span style=\"font-size: 16px;\"><strong>COM PUC ACONSEGUIR EL PASS DE LA ZONA T\u00c8CNICA?<\/strong><\/span><\/h3>\n<p><span style=\"font-size: 14px;\">S\u2019ha de fer el registre t\u00e8cnic a la mateixa p\u00e0gina web de la inscripci\u00f3 de la prova. Un cop feta, \u00e9s pot recollir el PASS de la zona t\u00e8cnica a l&#8217;oficina de cursa. Sense registre no podem donar l\u2019acreditaci\u00f3!<\/span>[\/vc_column_text][\/vc_column][\/vc_row]\n<\/div>","protected":false},"excerpt":{"rendered":"<p>[vc_row][vc_column][\/vc_column][\/vc_row][vc_row gap=&#8221;35&#8243;][vc_column width=&#8221;1\/2&#8243;][vc_column_text css=&#8221;&#8221;] ON I QUAN PODR\u00c9 RECOLLIR EL DORSAL? El dorsal es pot recollir a partir del 2 d\u2019Abril o el dia de la prova fins a una hora abans de la sortida. COM PUC TROBAR EL MEU N\u00daMERO DE DORSAL? El n\u00famero de dorsal es podr\u00e0 trobar al panell d\u2019informaci\u00f3 a l&#8217;oficina&hellip;<\/p>\n","protected":false},"author":2,"featured_media":0,"parent":0,"menu_order":0,"comment_status":"closed","ping_status":"closed","template":"","meta":{"footnotes":""},"class_list":["post-10514","page","type-page","status-publish","hentry","entry","no-media"],"_links":{"self":[{"href":"https:\/\/volcatbtt.com\/ca\/wp-json\/wp\/v2\/pages\/10514","targetHints":{"allow":["GET"]}}],"collection":[{"href":"https:\/\/volcatbtt.com\/ca\/wp-json\/wp\/v2\/pages"}],"about":[{"href":"https:\/\/volcatbtt.com\/ca\/wp-json\/wp\/v2\/types\/page"}],"author":[{"embeddable":true,"href":"https:\/\/volcatbtt.com\/ca\/wp-json\/wp\/v2\/users\/2"}],"replies":[{"embeddable":true,"href":"https:\/\/volcatbtt.com\/ca\/wp-json\/wp\/v2\/comments?post=10514"}],"version-history":[{"count":2,"href":"https:\/\/volcatbtt.com\/ca\/wp-json\/wp\/v2\/pages\/10514\/revisions"}],"predecessor-version":[{"id":11491,"href":"https:\/\/volcatbtt.com\/ca\/wp-json\/wp\/v2\/pages\/10514\/revisions\/11491"}],"wp:attachment":[{"href":"https:\/\/volcatbtt.com\/ca\/wp-json\/wp\/v2\/media?parent=10514"}],"curies":[{"name":"wp","href":"https:\/\/api.w.org\/{rel}","templated":true}]}}