{"id":454,"date":"2024-10-17T10:53:25","date_gmt":"2024-10-17T08:53:25","guid":{"rendered":"https:\/\/wpprovis.com\/volcat-igualada\/la-cursa-volcat-igualada\/"},"modified":"2026-01-09T10:32:50","modified_gmt":"2026-01-09T08:32:50","slug":"la-cursa-volcat-igualada","status":"publish","type":"page","link":"https:\/\/volcatbtt.com\/ca\/volcat-igualada\/la-cursa-volcat-igualada\/","title":{"rendered":"La cursa Volcat Igualada"},"content":{"rendered":"<div class=\"wpb-content-wrapper\">[vc_row full_width=&#8221;stretch_row&#8221; content_placement=&#8221;bottom&#8221; typography_style=&#8221;white&#8221; css=&#8221;.vc_custom_1729155350823{background: #222222 url(https:\/\/volcatbtt.com\/wp-content\/uploads\/2024\/10\/2024-03-30-volcat-igualada-xxss-premsa-foto-francesc-llado-003-R.jpg?id=109) !important;background-position: center !important;background-repeat: no-repeat !important;background-size: cover !important;}&#8221; min_height=&#8221;200px&#8221;][vc_column][vc_column_text]\n<h1>La cursa<\/h1>\n[\/vc_column_text][\/vc_column][\/vc_row][vc_row full_width=&#8221;stretch_row&#8221; content_placement=&#8221;middle&#8221; remove_bottom_col_margin=&#8221;true&#8221; typography_style=&#8221;white&#8221;][vc_column][vc_widget_sidebar sidebar_id=&#8221;barra-proxima-edicion-volcat-igualada&#8221;][\/vc_column][\/vc_row][vc_row full_width=&#8221;stretch_row&#8221; content_placement=&#8221;middle&#8221; column_spacing=&#8221;60&#8243; css=&#8221;.vc_custom_1664539705232{padding-top: 80px !important;padding-bottom: 40px !important;}&#8221;][vc_column width=&#8221;1\/2&#8243;][vc_column_text css=&#8221;&#8221;]\n<h2>Una de les curses per etapes m\u00e9s antigues d&#8217;Europa<\/h2>\n<p><span style=\"font-size: 16px;\">La VolCAT \u00e9s una de les proves m\u00e9s reconegudes del m\u00f3n ciclista i est\u00e0 marcada en vermell al calendari de la majoria dels aficionats del MTB. Una oportunitat \u00fanica de participar a una competici\u00f3 de primer nivell que s&#8217;allarga durant diverses jornades. Una cursa per etapes considerada un referent internacional i que cada any reuneix un gran nombre de corredors. <\/span><\/p>\n<p><span style=\"font-size: 16px;\">La natura, els senders infinits i l&#8217;espectacular recorregut converteixen la VolCAT en una cursa que respira MTB en estat pur. Un escenari complet, amb espai per a ciclistes PRO i OPEN. Un moment \u00fanic per gaudir de la competici\u00f3 o de la companyia dels amics. Una experi\u00e8ncia que queda gravada a la retina de tots els que emprenen aquesta aventura. <\/span><\/p>\n<h2><strong>La VolCAT by SCOTT 2026: dos dies de carrera inoblidables<\/strong><\/h2>\n<p><span style=\"font-size: 16px;\">La 21a edici\u00f3 de la VolCAT torna a l&#8217;ess\u00e8ncia d&#8217;aquesta prova amb dos dies intensos de competici\u00f3. Com marca la tradici\u00f3, Setmana Santa els dies 3 i 4 d&#8217;abril ser\u00e0 la data escollida per celebrar-la, novament amb Igualada i la comarca de l&#8217;Anoia com a tel\u00f3 de fons. Les previsions apunten novament a una gran pres\u00e8ncia de participants de tot el territori europeu i del m\u00f3n. <\/span>[\/vc_column_text][vc_column_text css=&#8221;&#8221; color=&#8221;#dd3333&#8243;]\n<blockquote><p><strong><span style=\"font-size: 16px;\">No deixeu escapar l&#8217;oportunitat de sentir-vos orgull\u00f3s de ser finisher d&#8217;una prova de prestigi internacional, ja sigui a manera individual o en parella.<\/span><\/strong><\/p><\/blockquote>\n[\/vc_column_text][\/vc_column][vc_column width=&#8221;1\/2&#8243;]<style>.vcex-flex-container_6a07aca234dff{gap:30px;}<\/style><div class=\"vcex-flex-container vcex-module wpex-flex wpex-gap-20 vcex-flex-container_6a07aca234dff\"><figure class=\"vcex-image vcex-module\"><div class=\"vcex-image-inner wpex-relative wpex-inline-block vc_custom_1729155181637\"><img width=\"750\" height=\"1125\" src=\"https:\/\/volcatbtt.com\/wp-content\/uploads\/2024\/10\/volcat-igualada-etapa-2-vertical2.jpg\" class=\"vcex-image-img wpex-align-middle\" alt=\"\" loading=\"lazy\" decoding=\"async\" srcset=\"https:\/\/volcatbtt.com\/wp-content\/uploads\/2024\/10\/volcat-igualada-etapa-2-vertical2.jpg 750w, https:\/\/volcatbtt.com\/wp-content\/uploads\/2024\/10\/volcat-igualada-etapa-2-vertical2-200x300.jpg 200w, https:\/\/volcatbtt.com\/wp-content\/uploads\/2024\/10\/volcat-igualada-etapa-2-vertical2-683x1024.jpg 683w\" sizes=\"auto, (max-width: 750px) 100vw, 750px\" \/><\/div><\/figure><figure class=\"vcex-image vcex-module\"><div class=\"vcex-image-inner wpex-relative wpex-inline-block\"><img width=\"750\" height=\"1125\" src=\"https:\/\/volcatbtt.com\/wp-content\/uploads\/2024\/10\/volcat-igualada-etapa-2-vertical.jpg\" class=\"vcex-image-img wpex-align-middle\" alt=\"\" loading=\"lazy\" decoding=\"async\" srcset=\"https:\/\/volcatbtt.com\/wp-content\/uploads\/2024\/10\/volcat-igualada-etapa-2-vertical.jpg 750w, https:\/\/volcatbtt.com\/wp-content\/uploads\/2024\/10\/volcat-igualada-etapa-2-vertical-200x300.jpg 200w, https:\/\/volcatbtt.com\/wp-content\/uploads\/2024\/10\/volcat-igualada-etapa-2-vertical-683x1024.jpg 683w\" sizes=\"auto, (max-width: 750px) 100vw, 750px\" \/><\/div><\/figure><\/div>[\/vc_column][\/vc_row][vc_row][vc_column][vc_column_text]\n<h2 style=\"text-align: center;\">Igualada, centre de la VolCAT<\/h2>\n[\/vc_column_text][\/vc_column][vc_column width=&#8221;1\/2&#8243;][vc_column_text]<span style=\"font-size: 16px;\">L&#8217;adopci\u00f3 d&#8217;Igualada (Barcelona) com a seu central de la prova tamb\u00e9 ha portat la VolCAT a un altre nivell. D&#8217;una banda facilitant la log\u00edstica i, de l&#8217;altra, permetent a l&#8217;organitzaci\u00f3 treballar en els recorreguts any rere any, realitzant un manteniment constant dels senders, buscant noves alternatives i polint, a poc a poc, unes etapes que nom\u00e9s fan que millorar any rere any. El disseny t\u00e9 una premissa clara: oferir el MTB m\u00e9s divertit. Donar protagonisme a aquests senders on poden gaudir des dels millors corredors del planeta als bikers que afronten la seva primera carrera de diversos dies. <\/span>[\/vc_column_text][\/vc_column][vc_column width=&#8221;1\/2&#8243;][vc_column_text css=&#8221;&#8221;]<span style=\"font-size: 16px;\">La VolCAT \u00e9s una prova per a tots els nivells, amb diferents categories. Pots competir a nivell PRO o en la modalitat OPEN, ja sigui en modalitat individual o per parelles, podent ser una combinaci\u00f3 de dues persones del mateix g\u00e8nere o mixt. Al final de la darrera etapa, les tres primeres parelles de la classificaci\u00f3 final de cada grup pujaran al podi. <\/span><\/p>\n<p><span style=\"font-size: 16px;\">L&#8217;emoci\u00f3 de la VolCAT segueix m\u00e9s viva que mai, amb nous racons i paratges per descobrir al cor de Catalunya.<\/span>[\/vc_column_text][\/vc_column][\/vc_row][vc_row full_width=&#8221;stretch_row&#8221; remove_bottom_col_margin=&#8221;true&#8221; typography_style=&#8221;white&#8221; css=&#8221;.vc_custom_1664882096831{padding-top: 20px !important;padding-bottom: 20px !important;background-color: #dd3333 !important;}&#8221;][vc_column width=&#8221;2\/3&#8243;][vc_column_text css=&#8221;&#8221;]\n<p style=\"text-align: center;\"><span style=\"font-size: 21px;\">Qui dir\u00e0 que no a 2 dies de diversi\u00f3 i competici\u00f3?<\/span><\/p>\n[\/vc_column_text][\/vc_column][vc_column width=&#8221;1\/3&#8243;]<div class=\"theme-button-wrap textcenter theme-button-block-wrap wpex-block wpex-clear wpex-clr\"><a href=\"https:\/\/volcatbtt.com\/ca\/volcat-igualada\/inscripcions-volcat-igualada\/\" class=\"vcex-button theme-button minimal-border white medium align-center block\" target=\"_blank\" rel=\"noopener noreferrer\"><span class=\"vcex-button-inner theme-button-inner wpex-flex wpex-flex-wrap wpex-items-center wpex-justify-center\">INSCRIU-TE ARA<\/span><\/a><\/div> [\/vc_column][\/vc_row]\n<\/div>","protected":false},"excerpt":{"rendered":"<p>[vc_row full_width=&#8221;stretch_row&#8221; content_placement=&#8221;bottom&#8221; typography_style=&#8221;white&#8221; css=&#8221;.vc_custom_1729155350823{background: #222222 url(https:\/\/volcatbtt.com\/wp-content\/uploads\/2024\/10\/2024-03-30-volcat-igualada-xxss-premsa-foto-francesc-llado-003-R.jpg?id=109) !important;background-position: center !important;background-repeat: no-repeat !important;background-size: cover !important;}&#8221; min_height=&#8221;200px&#8221;][vc_column][vc_column_text] La cursa [\/vc_column_text][\/vc_column][\/vc_row][vc_row full_width=&#8221;stretch_row&#8221; content_placement=&#8221;middle&#8221; remove_bottom_col_margin=&#8221;true&#8221; typography_style=&#8221;white&#8221;][vc_column][vc_widget_sidebar sidebar_id=&#8221;barra-proxima-edicion-volcat-igualada&#8221;][\/vc_column][\/vc_row][vc_row full_width=&#8221;stretch_row&#8221; content_placement=&#8221;middle&#8221; column_spacing=&#8221;60&#8243; css=&#8221;.vc_custom_1664539705232{padding-top: 80px !important;padding-bottom: 40px !important;}&#8221;][vc_column width=&#8221;1\/2&#8243;][vc_column_text css=&#8221;&#8221;] Una de les curses per etapes m\u00e9s antigues d&#8217;Europa La VolCAT \u00e9s una de les proves m\u00e9s reconegudes del m\u00f3n ciclista i&hellip;<\/p>\n","protected":false},"author":2,"featured_media":0,"parent":443,"menu_order":0,"comment_status":"closed","ping_status":"closed","template":"","meta":{"footnotes":""},"class_list":["post-454","page","type-page","status-publish","hentry","entry","no-media"],"_links":{"self":[{"href":"https:\/\/volcatbtt.com\/ca\/wp-json\/wp\/v2\/pages\/454","targetHints":{"allow":["GET"]}}],"collection":[{"href":"https:\/\/volcatbtt.com\/ca\/wp-json\/wp\/v2\/pages"}],"about":[{"href":"https:\/\/volcatbtt.com\/ca\/wp-json\/wp\/v2\/types\/page"}],"author":[{"embeddable":true,"href":"https:\/\/volcatbtt.com\/ca\/wp-json\/wp\/v2\/users\/2"}],"replies":[{"embeddable":true,"href":"https:\/\/volcatbtt.com\/ca\/wp-json\/wp\/v2\/comments?post=454"}],"version-history":[{"count":7,"href":"https:\/\/volcatbtt.com\/ca\/wp-json\/wp\/v2\/pages\/454\/revisions"}],"predecessor-version":[{"id":12126,"href":"https:\/\/volcatbtt.com\/ca\/wp-json\/wp\/v2\/pages\/454\/revisions\/12126"}],"up":[{"embeddable":true,"href":"https:\/\/volcatbtt.com\/ca\/wp-json\/wp\/v2\/pages\/443"}],"wp:attachment":[{"href":"https:\/\/volcatbtt.com\/ca\/wp-json\/wp\/v2\/media?parent=454"}],"curies":[{"name":"wp","href":"https:\/\/api.w.org\/{rel}","templated":true}]}}