{"id":507,"date":"2024-10-17T11:07:11","date_gmt":"2024-10-17T09:07:11","guid":{"rendered":"https:\/\/wpprovis.com\/volcat-igualada\/la-cursa-volcat-igualada\/allotjament-volcat-igualada\/"},"modified":"2024-12-09T11:19:23","modified_gmt":"2024-12-09T09:19:23","slug":"allotjament-volcat-igualada","status":"publish","type":"page","link":"https:\/\/volcatbtt.com\/ca\/volcat-igualada\/la-cursa-volcat-igualada\/allotjament-volcat-igualada\/","title":{"rendered":"Allotjament Volcat Igualada"},"content":{"rendered":"<div class=\"wpb-content-wrapper\">[vc_row full_width=&#8221;stretch_row&#8221; content_placement=&#8221;bottom&#8221; typography_style=&#8221;white&#8221; css=&#8221;.vc_custom_1729156015500{background: #222222 url(https:\/\/volcatbtt.com\/wp-content\/uploads\/2024\/10\/ciutat-igualada-volcat-ocisport.jpg?id=171) !important;background-position: center !important;background-repeat: no-repeat !important;background-size: cover !important;}&#8221; min_height=&#8221;200px&#8221;][vc_column][vc_column_text]\n<h1>Allotjament<\/h1>\n[\/vc_column_text][\/vc_column][\/vc_row][vc_row full_width=&#8221;stretch_row&#8221; content_placement=&#8221;middle&#8221; remove_bottom_col_margin=&#8221;true&#8221; typography_style=&#8221;white&#8221;][vc_column][vc_widget_sidebar sidebar_id=&#8221;barra-proxima-edicion-volcat-igualada&#8221;][\/vc_column][\/vc_row][vc_row full_width=&#8221;stretch_row_content&#8221; remove_bottom_col_margin=&#8221;true&#8221; css=&#8221;.vc_custom_1670586206725{background-color: #ededed !important;}&#8221;][vc_column]<div class=\"vcex-spacing wpex-w-100 wpex-clear\" style=\"height:25px;\"><\/div>[vc_column_text css=&#8221;&#8221;]\n<h2 style=\"text-align: center;\">NECESSITES ALLOTJAMENT?<\/h2>\n<p style=\"text-align: center;\"><span style=\"font-size: 16px;\">Pots visitar la seg\u00fcent web per poder realitzar la teva reserva i<br \/>\ntrobar m\u00e9s informaci\u00f3 per a gaudir de la vostra estada.<\/span><\/p>\n[\/vc_column_text]<div class=\"vcex-spacing wpex-w-100 wpex-clear\" style=\"height:25px;\"><\/div><style>.vcex-button.vcex_6a041fb6eb592{border-radius:0px;background:#000000;color:#ffffff!important;}<\/style><div class=\"theme-button-wrap textcenter wpex-clr\"><a href=\"https:\/\/anoiaturisme.cat\/guia-dormir\/?ci=Igualada\" class=\"vcex-button theme-button flat medium align-center inline vcex_6a041fb6eb592\" target=\"_blank\" rel=\"noopener noreferrer\"><span class=\"vcex-button-inner theme-button-inner wpex-flex wpex-flex-wrap wpex-items-center wpex-justify-center\">FES LA TEVA RESERVA<\/span><\/a><\/div> <div class=\"vcex-spacing wpex-w-100 wpex-clear\" style=\"height:50px;\"><\/div>[\/vc_column][\/vc_row][vc_row full_width=&#8221;stretch_row&#8221; content_placement=&#8221;middle&#8221; column_spacing=&#8221;60&#8243; disable_element=&#8221;yes&#8221; css=&#8221;.vc_custom_1733735874679{padding-top: 80px !important;padding-bottom: 40px !important;}&#8221;][vc_column width=&#8221;1\/3&#8243;]<style>.vcex-icon-box.vcex_6a041fb6ec2a2 .vcex-icon-box-heading{font-size:26px;}.vcex-icon-box.vcex_6a041fb6ec2a2 .vcex-icon-box-icon{font-size:var(--vcex-icon-md);color:#000000;}<\/style><div class=\"vcex-module vcex-icon-box vcex-icon-box-four wpex-block wpex-text-center wpex-p-30 wpex-bordered vcex_6a041fb6ec2a2\"><div class=\"vcex-icon-box-symbol vcex-icon-box-symbol--icon wpex-mb-20\"><div class=\"vcex-icon-box-icon wpex-items-center wpex-justify-center wpex-child-inherit-color wpex-text-center wpex-leading-none wpex-inline-flex wpex-text-1\"><span class=\"wpex-flex wpex-icon\" aria-hidden=\"true\"><svg xmlns=\"http:\/\/www.w3.org\/2000\/svg\" viewBox=\"0 0 640 512\"><path d=\"M32 32c17.7 0 32 14.3 32 32V320H288V160c0-17.7 14.3-32 32-32H544c53 0 96 43 96 96V448c0 17.7-14.3 32-32 32s-32-14.3-32-32V416H352 320 64v32c0 17.7-14.3 32-32 32s-32-14.3-32-32V64C0 46.3 14.3 32 32 32zm144 96a80 80 0 1 1 0 160 80 80 0 1 1 0-160z\"\/><\/svg><\/span><\/div><\/div><div class=\"vcex-icon-box-text\"><h3 class=\"vcex-icon-box-heading wpex-heading wpex-mb-10\">ALLOTJAMENTS OFICIALS<\/h3><\/div><\/div>[\/vc_column][vc_column width=&#8221;1\/3&#8243;][vc_column_text]\n<h3><strong>HOTEL ROBERT<\/strong><\/h3>\n<p><span class=\"elementor-icon-list-text\">Av. de Catalunya, 1<br \/>\n08787 La Pobla de Claramunt<br \/>\n(Barcelona)<\/span><\/p>\n<p><a href=\"tel:+34938086000\"><i class=\"fas fa-phone-alt\" aria-hidden=\"true\"><\/i><span class=\"elementor-icon-list-text\">93 808 60 00<\/span><\/a>[\/vc_column_text]<div class=\"vcex-spacing wpex-w-100 wpex-clear\" style=\"height:10px;\"><\/div><style>.vcex-button.vcex_6a041fb6ecf58{border-radius:0px;background:#000000;color:#ffffff!important;}<\/style><a href=\"https:\/\/www.hotel-robert.com\/\" class=\"vcex-button theme-button flat inline vcex_6a041fb6ecf58\" target=\"_blank\" rel=\"noopener noreferrer\"><span class=\"vcex-button-inner theme-button-inner wpex-flex wpex-flex-wrap wpex-items-center wpex-justify-center\">WEB HOTEL<\/span><\/a> [\/vc_column][vc_column width=&#8221;1\/3&#8243;][vc_column_text]\n<h3><strong>HOTEL AM\u00c8RICA<\/strong><\/h3>\n<p>Av. Mestre Montaner, 44-45<br \/>\n08700 Igualada<br \/>\n(Barcelona)<\/p>\n<p><a href=\"tel:+34938031000\" target=\"_blank\" rel=\"noopener\">93 803 10 00<\/a>[\/vc_column_text]<div class=\"vcex-spacing wpex-w-100 wpex-clear\" style=\"height:10px;\"><\/div><style>.vcex-button.vcex_6a041fb6ed4bf{border-radius:0px;background:#000000;color:#ffffff!important;}<\/style><a href=\"https:\/\/www.hotel-america.es\/\" class=\"vcex-button theme-button flat inline vcex_6a041fb6ed4bf\" target=\"_blank\" rel=\"noopener noreferrer\"><span class=\"vcex-button-inner theme-button-inner wpex-flex wpex-flex-wrap wpex-items-center wpex-justify-center\">WEB HOTEL<\/span><\/a> [\/vc_column][\/vc_row][vc_row disable_element=&#8221;yes&#8221;][vc_column width=&#8221;1\/3&#8243;][vc_single_image image=&#8221;3072&#8243; img_size=&#8221;393&#215;262&#8243; onclick=&#8221;link_image&#8221;][\/vc_column][vc_column width=&#8221;1\/3&#8243;][vc_single_image image=&#8221;3069&#8243; img_size=&#8221;393&#215;262&#8243; onclick=&#8221;link_image&#8221;][\/vc_column][vc_column width=&#8221;1\/3&#8243;][vc_single_image image=&#8221;3075&#8243; img_size=&#8221;393&#215;262&#8243; onclick=&#8221;link_image&#8221;][\/vc_column][\/vc_row]\n<\/div>","protected":false},"excerpt":{"rendered":"<p>[vc_row full_width=&#8221;stretch_row&#8221; content_placement=&#8221;bottom&#8221; typography_style=&#8221;white&#8221; css=&#8221;.vc_custom_1729156015500{background: #222222 url(https:\/\/volcatbtt.com\/wp-content\/uploads\/2024\/10\/ciutat-igualada-volcat-ocisport.jpg?id=171) !important;background-position: center !important;background-repeat: no-repeat !important;background-size: cover !important;}&#8221; min_height=&#8221;200px&#8221;][vc_column][vc_column_text] Allotjament [\/vc_column_text][\/vc_column][\/vc_row][vc_row full_width=&#8221;stretch_row&#8221; content_placement=&#8221;middle&#8221; remove_bottom_col_margin=&#8221;true&#8221; typography_style=&#8221;white&#8221;][vc_column][vc_widget_sidebar sidebar_id=&#8221;barra-proxima-edicion-volcat-igualada&#8221;][\/vc_column][\/vc_row][vc_row full_width=&#8221;stretch_row_content&#8221; remove_bottom_col_margin=&#8221;true&#8221; css=&#8221;.vc_custom_1670586206725{background-color: #ededed !important;}&#8221;][vc_column][vc_column_text css=&#8221;&#8221;] NECESSITES ALLOTJAMENT? Pots visitar la seg\u00fcent web per poder realitzar la teva reserva i trobar m\u00e9s informaci\u00f3 per a gaudir de la vostra estada. [\/vc_column_text][\/vc_column][\/vc_row][vc_row full_width=&#8221;stretch_row&#8221; content_placement=&#8221;middle&#8221;&hellip;<\/p>\n","protected":false},"author":2,"featured_media":0,"parent":454,"menu_order":0,"comment_status":"closed","ping_status":"closed","template":"","meta":{"footnotes":""},"class_list":["post-507","page","type-page","status-publish","hentry","entry","no-media"],"_links":{"self":[{"href":"https:\/\/volcatbtt.com\/ca\/wp-json\/wp\/v2\/pages\/507","targetHints":{"allow":["GET"]}}],"collection":[{"href":"https:\/\/volcatbtt.com\/ca\/wp-json\/wp\/v2\/pages"}],"about":[{"href":"https:\/\/volcatbtt.com\/ca\/wp-json\/wp\/v2\/types\/page"}],"author":[{"embeddable":true,"href":"https:\/\/volcatbtt.com\/ca\/wp-json\/wp\/v2\/users\/2"}],"replies":[{"embeddable":true,"href":"https:\/\/volcatbtt.com\/ca\/wp-json\/wp\/v2\/comments?post=507"}],"version-history":[{"count":11,"href":"https:\/\/volcatbtt.com\/ca\/wp-json\/wp\/v2\/pages\/507\/revisions"}],"predecessor-version":[{"id":10542,"href":"https:\/\/volcatbtt.com\/ca\/wp-json\/wp\/v2\/pages\/507\/revisions\/10542"}],"up":[{"embeddable":true,"href":"https:\/\/volcatbtt.com\/ca\/wp-json\/wp\/v2\/pages\/454"}],"wp:attachment":[{"href":"https:\/\/volcatbtt.com\/ca\/wp-json\/wp\/v2\/media?parent=507"}],"curies":[{"name":"wp","href":"https:\/\/api.w.org\/{rel}","templated":true}]}}