{"id":561,"date":"2024-10-24T10:50:02","date_gmt":"2024-10-24T08:50:02","guid":{"rendered":"https:\/\/wpprovis.com\/volcat-igualada\/la-cursa-volcat-igualada\/volcat-kids-igualada\/"},"modified":"2026-03-10T12:10:06","modified_gmt":"2026-03-10T10:10:06","slug":"volcat-kids-igualada","status":"publish","type":"page","link":"https:\/\/volcatbtt.com\/ca\/volcat-igualada\/la-cursa-volcat-igualada\/volcat-kids-igualada\/","title":{"rendered":"Volcat Kids Igualada"},"content":{"rendered":"<div class=\"wpb-content-wrapper\">[vc_row full_width=&#8221;stretch_row&#8221; content_placement=&#8221;bottom&#8221; typography_style=&#8221;white&#8221; css=&#8221;.vc_custom_1729759867944{background: #222222 url(https:\/\/volcatbtt.com\/wp-content\/uploads\/2024\/10\/volcat-kids-igualada-2.jpg?id=196) !important;background-position: center !important;background-repeat: no-repeat !important;background-size: cover !important;}&#8221; min_height=&#8221;200px&#8221; wpex_bg_position=&#8221;75% 35%&#8221;][vc_column][vc_column_text]\n<h1>Volcat Kids Igualada<\/h1>\n[\/vc_column_text][\/vc_column][\/vc_row][vc_row full_width=&#8221;stretch_row&#8221; content_placement=&#8221;middle&#8221; remove_bottom_col_margin=&#8221;true&#8221; typography_style=&#8221;white&#8221;][vc_column][vc_widget_sidebar sidebar_id=&#8221;barra-proxima-edicion-volcat-igualada&#8221;][\/vc_column][\/vc_row][vc_row][vc_column]<div class=\"vcex-spacing wpex-w-100 wpex-clear\"><\/div>[vc_column_text]\n<h2 style=\"text-align: center;\">Arriba la VolCAT Kids<\/h2>\n[\/vc_column_text][\/vc_column][\/vc_row][vc_row][vc_column width=&#8221;1\/2&#8243;][vc_single_image image=&#8221;361&#8243; css=&#8221;&#8221;][\/vc_column][vc_column width=&#8221;1\/2&#8243;][vc_column_text css=&#8221;&#8221;]<span style=\"font-size: 16px;\">Dins la VolCAT Igualada tamb\u00e9 hi ha cabuda per als nens. Els que poden ser els futurs competidors de la VolCAT tindran el seu moment durant aquests dies de competici\u00f3. <\/span><\/p>\n<p><span style=\"font-size: 16px;\">Mentre grans figures mundials del ciclisme de mountain bike lluitaran per la vict\u00f2ria, els ciclistes de 2 a 14 anys (complerts dins de l&#8217;any de la prova) tamb\u00e9 podran participar d&#8217;una manera no competitiva.<\/span>[\/vc_column_text]<div class=\"vcex-spacing wpex-w-100 wpex-clear\"><\/div><style>.vcex-icon-box.vcex_69f6151d22515 .vcex-icon-box-heading{font-size:20px;}<\/style><div class=\"vcex-module vcex-icon-box vcex-icon-box-one wpex-flex wpex-text-left vcex_69f6151d22515\"><div class=\"vcex-icon-box-symbol vcex-icon-box-symbol--icon wpex-flex-shrink-0 wpex-mr-20\"><div class=\"vcex-icon-box-icon wpex-items-center wpex-justify-center wpex-child-inherit-color wpex-text-center wpex-leading-none wpex-flex wpex-text-1\"><span class=\"wpex-flex wpex-icon--w wpex-icon\" aria-hidden=\"true\"><svg xmlns=\"http:\/\/www.w3.org\/2000\/svg\" viewBox=\"0 0 448 512\"><path d=\"M152 24c0-13.3-10.7-24-24-24s-24 10.7-24 24V64H64C28.7 64 0 92.7 0 128v16 48V448c0 35.3 28.7 64 64 64H384c35.3 0 64-28.7 64-64V192 144 128c0-35.3-28.7-64-64-64H344V24c0-13.3-10.7-24-24-24s-24 10.7-24 24V64H152V24zM48 192h80v56H48V192zm0 104h80v64H48V296zm128 0h96v64H176V296zm144 0h80v64H320V296zm80-48H320V192h80v56zm0 160v40c0 8.8-7.2 16-16 16H320V408h80zm-128 0v56H176V408h96zm-144 0v56H64c-8.8 0-16-7.2-16-16V408h80zM272 248H176V192h96v56z\"\/><\/svg><\/span><\/div><\/div><div class=\"vcex-icon-box-text wpex-flex-grow\"><h2 class=\"vcex-icon-box-heading wpex-heading wpex-mb-10\">3 ABRIL 2026<\/h2><\/div><\/div><div class=\"vcex-spacing wpex-w-100 wpex-clear\"><\/div>[vc_column_text css=&#8221;&#8221;]<span style=\"font-size: 16px;\">Les curses es duran a terme a la zona del p\u00e0doc i el festival en un circuit tancat.<\/span><\/p>\n<p><strong><span style=\"font-size: 16px;\">CATEGORIES:<\/span><\/strong><\/p>\n<p><span style=\"font-size: 16px;\">Baby: 2 &#8211; 4 anys<br \/>\nPre Benjam\u00ed: 5 &#8211; 6 anys<\/span><br \/>\n<span style=\"font-size: 16px;\">Benjam\u00ed: 7 &#8211; 8 anys<\/span><br \/>\n<span style=\"font-size: 16px;\">Principiant: 9-10 anys<\/span><br \/>\n<span style=\"font-size: 16px;\">Alev\u00ed 1r i 2n any: 11 &#8211; 12 anys<\/span><br \/>\n<span style=\"font-size: 16px;\">Infantil 1r i 2n any: 13 &#8211; 14 anys<\/span><\/p>\n<p><span style=\"font-size: 16px;\">La participaci\u00f3 en aquesta cursa \u00e9s gratu\u00efta, per\u00f2 cal inscriure&#8217;s a trav\u00e9s del seg\u00fcent formulari per obtenir el dorsal i rebre l&#8217;obsequi de participaci\u00f3.<\/span><\/p>\n<p><span style=\"font-size: 16px;\">En finalitzar la prova hi haur\u00e0 un berenar per a tots els participants de Volcat Kids Igualada.<\/span>[\/vc_column_text][vc_column_text css=&#8221;&#8221; visibility=&#8221;hidden&#8221;]<span style=\"font-size: 16px;\">Hi haur\u00e0 dos circuits diferents, per a les categories Pre Benjam\u00ed i Benjam\u00ed i per a les categories Principiant, Alev\u00ed i Infantil. Cada categoria tindr\u00e0 un n\u00famero diferent de voltes. Tots els nens i nenes tindran un obsequi per la participaci\u00f3 i l&#8217;esfor\u00e7.<\/span>[\/vc_column_text][\/vc_column][\/vc_row][vc_row][vc_column][vc_column_text]\n<h3 style=\"text-align: center;\">Vols gaudir de la VolCAT Kids?<\/h3>\n<p id=\"tw-target-text\" class=\"tw-data-text tw-text-large tw-ta\" dir=\"ltr\" style=\"text-align: center;\" data-placeholder=\"Traducci\u00f3n\"><span class=\"Y2IQFc\" lang=\"es\" style=\"font-size: 16px;\">Ser\u00e0 la gran festa del ciclisme a Igualada!<\/span><\/p>\n[\/vc_column_text]<div class=\"vcex-spacing wpex-w-100 wpex-clear\"><\/div><style>.vcex-button.vcex_69f6151d232a5{background:#bf0a08;color:#ffffff!important;}.vcex-button.vcex_69f6151d232a5:hover{background:#000000!important;color:#ffffff!important;}<\/style><div class=\"theme-button-wrap textcenter theme-button-block-wrap wpex-block wpex-clear wpex-clr\"><a href=\"https:\/\/www.rockthesport.com\/ca\/esdeveniment\/volcat-igualada-by-scott-2026\/inscripcio\/selecciona-tarifa?&#038;fee_tag=kids\" class=\"vcex-button theme-button minimal-border large align-center block vcex_69f6151d232a5\" target=\"_blank\" rel=\"noopener noreferrer\"><span class=\"vcex-button-inner theme-button-inner wpex-flex wpex-flex-wrap wpex-items-center wpex-justify-center\">INSCRIPCIONS<\/span><\/a><\/div> [\/vc_column][\/vc_row][vc_row][vc_column width=&#8221;1\/3&#8243;]<figure class=\"vcex-image vcex-module\"><div class=\"vcex-image-inner wpex-relative wpex-inline-block\"><a href=\"https:\/\/volcatbtt.com\/wp-content\/uploads\/2024\/10\/2024-03-30-volcat-kids-igualada-scaled.jpg\" class=\"wpex-lightbox\"><img width=\"2560\" height=\"1707\" src=\"https:\/\/volcatbtt.com\/wp-content\/uploads\/2024\/10\/2024-03-30-volcat-kids-igualada-scaled.jpg\" class=\"vcex-image-img wpex-align-middle\" alt=\"\" loading=\"lazy\" decoding=\"async\" srcset=\"https:\/\/volcatbtt.com\/wp-content\/uploads\/2024\/10\/2024-03-30-volcat-kids-igualada-scaled.jpg 2560w, https:\/\/volcatbtt.com\/wp-content\/uploads\/2024\/10\/2024-03-30-volcat-kids-igualada-300x200.jpg 300w, https:\/\/volcatbtt.com\/wp-content\/uploads\/2024\/10\/2024-03-30-volcat-kids-igualada-1024x683.jpg 1024w, https:\/\/volcatbtt.com\/wp-content\/uploads\/2024\/10\/2024-03-30-volcat-kids-igualada-768x512.jpg 768w, https:\/\/volcatbtt.com\/wp-content\/uploads\/2024\/10\/2024-03-30-volcat-kids-igualada-1536x1024.jpg 1536w, https:\/\/volcatbtt.com\/wp-content\/uploads\/2024\/10\/2024-03-30-volcat-kids-igualada-2048x1365.jpg 2048w\" sizes=\"auto, (max-width: 2560px) 100vw, 2560px\" \/><\/a><\/div><\/figure>[\/vc_column][vc_column width=&#8221;1\/3&#8243;]<figure class=\"vcex-image vcex-module\"><div class=\"vcex-image-inner wpex-relative wpex-inline-block\"><a href=\"https:\/\/volcatbtt.com\/wp-content\/uploads\/2024\/10\/volcat-kids-igualada-1.jpg\" class=\"wpex-lightbox\"><img width=\"1000\" height=\"667\" src=\"https:\/\/volcatbtt.com\/wp-content\/uploads\/2024\/10\/volcat-kids-igualada-1.jpg\" class=\"vcex-image-img wpex-align-middle\" alt=\"\" loading=\"lazy\" decoding=\"async\" srcset=\"https:\/\/volcatbtt.com\/wp-content\/uploads\/2024\/10\/volcat-kids-igualada-1.jpg 1000w, https:\/\/volcatbtt.com\/wp-content\/uploads\/2024\/10\/volcat-kids-igualada-1-300x200.jpg 300w, https:\/\/volcatbtt.com\/wp-content\/uploads\/2024\/10\/volcat-kids-igualada-1-768x512.jpg 768w\" sizes=\"auto, (max-width: 1000px) 100vw, 1000px\" \/><\/a><\/div><\/figure>[\/vc_column][vc_column width=&#8221;1\/3&#8243;]<figure class=\"vcex-image vcex-module\"><div class=\"vcex-image-inner wpex-relative wpex-inline-block\"><a href=\"https:\/\/volcatbtt.com\/wp-content\/uploads\/2024\/10\/volcat-kids-igualada-2.jpg\" class=\"wpex-lightbox\"><img width=\"1536\" height=\"997\" src=\"https:\/\/volcatbtt.com\/wp-content\/uploads\/2024\/10\/volcat-kids-igualada-2.jpg\" class=\"vcex-image-img wpex-align-middle\" alt=\"\" loading=\"lazy\" decoding=\"async\" srcset=\"https:\/\/volcatbtt.com\/wp-content\/uploads\/2024\/10\/volcat-kids-igualada-2.jpg 1536w, https:\/\/volcatbtt.com\/wp-content\/uploads\/2024\/10\/volcat-kids-igualada-2-300x195.jpg 300w, https:\/\/volcatbtt.com\/wp-content\/uploads\/2024\/10\/volcat-kids-igualada-2-1024x665.jpg 1024w, https:\/\/volcatbtt.com\/wp-content\/uploads\/2024\/10\/volcat-kids-igualada-2-768x499.jpg 768w\" sizes=\"auto, (max-width: 1536px) 100vw, 1536px\" \/><\/a><\/div><\/figure>[\/vc_column][\/vc_row][vc_row][vc_column][vc_widget_sidebar sidebar_id=&#8221;primera-columna-logo&#8221;][\/vc_column][\/vc_row]\n<\/div>","protected":false},"excerpt":{"rendered":"<p>[vc_row full_width=&#8221;stretch_row&#8221; content_placement=&#8221;bottom&#8221; typography_style=&#8221;white&#8221; css=&#8221;.vc_custom_1729759867944{background: #222222 url(https:\/\/volcatbtt.com\/wp-content\/uploads\/2024\/10\/volcat-kids-igualada-2.jpg?id=196) !important;background-position: center !important;background-repeat: no-repeat !important;background-size: cover !important;}&#8221; min_height=&#8221;200px&#8221; wpex_bg_position=&#8221;75% 35%&#8221;][vc_column][vc_column_text] Volcat Kids Igualada [\/vc_column_text][\/vc_column][\/vc_row][vc_row full_width=&#8221;stretch_row&#8221; content_placement=&#8221;middle&#8221; remove_bottom_col_margin=&#8221;true&#8221; typography_style=&#8221;white&#8221;][vc_column][vc_widget_sidebar sidebar_id=&#8221;barra-proxima-edicion-volcat-igualada&#8221;][\/vc_column][\/vc_row][vc_row][vc_column][vc_column_text] Arriba la VolCAT Kids [\/vc_column_text][\/vc_column][\/vc_row][vc_row][vc_column width=&#8221;1\/2&#8243;][vc_single_image image=&#8221;361&#8243; css=&#8221;&#8221;][\/vc_column][vc_column width=&#8221;1\/2&#8243;][vc_column_text css=&#8221;&#8221;]Dins la VolCAT Igualada tamb\u00e9 hi ha cabuda per als nens. Els que poden ser els futurs competidors de la&hellip;<\/p>\n","protected":false},"author":2,"featured_media":0,"parent":454,"menu_order":0,"comment_status":"closed","ping_status":"closed","template":"","meta":{"footnotes":""},"class_list":["post-561","page","type-page","status-publish","hentry","entry","no-media"],"_links":{"self":[{"href":"https:\/\/volcatbtt.com\/ca\/wp-json\/wp\/v2\/pages\/561","targetHints":{"allow":["GET"]}}],"collection":[{"href":"https:\/\/volcatbtt.com\/ca\/wp-json\/wp\/v2\/pages"}],"about":[{"href":"https:\/\/volcatbtt.com\/ca\/wp-json\/wp\/v2\/types\/page"}],"author":[{"embeddable":true,"href":"https:\/\/volcatbtt.com\/ca\/wp-json\/wp\/v2\/users\/2"}],"replies":[{"embeddable":true,"href":"https:\/\/volcatbtt.com\/ca\/wp-json\/wp\/v2\/comments?post=561"}],"version-history":[{"count":21,"href":"https:\/\/volcatbtt.com\/ca\/wp-json\/wp\/v2\/pages\/561\/revisions"}],"predecessor-version":[{"id":12484,"href":"https:\/\/volcatbtt.com\/ca\/wp-json\/wp\/v2\/pages\/561\/revisions\/12484"}],"up":[{"embeddable":true,"href":"https:\/\/volcatbtt.com\/ca\/wp-json\/wp\/v2\/pages\/454"}],"wp:attachment":[{"href":"https:\/\/volcatbtt.com\/ca\/wp-json\/wp\/v2\/media?parent=561"}],"curies":[{"name":"wp","href":"https:\/\/api.w.org\/{rel}","templated":true}]}}