{"id":693,"date":"2024-11-06T12:07:54","date_gmt":"2024-11-06T10:07:54","guid":{"rendered":"https:\/\/wpprovis.com\/?page_id=693"},"modified":"2025-11-24T13:35:42","modified_gmt":"2025-11-24T11:35:42","slug":"zona-autocaravanes-volcat-igualada","status":"publish","type":"page","link":"https:\/\/volcatbtt.com\/ca\/volcat-igualada\/zona-autocaravanes-volcat-igualada\/","title":{"rendered":"Zona autocaravanes Volcat Igualada"},"content":{"rendered":"<div class=\"wpb-content-wrapper\">[vc_row full_width=&#8221;stretch_row&#8221; content_placement=&#8221;bottom&#8221; typography_style=&#8221;white&#8221; css=&#8221;.vc_custom_1733911534197{background-image: url(https:\/\/volcatbtt.com\/wp-content\/uploads\/2024\/11\/zona-camper-igualada-2022.png?id=689) !important;background-position: center !important;background-repeat: no-repeat !important;background-size: cover !important;}&#8221; min_height=&#8221;200px&#8221; wpex_bg_position=&#8221;50% 70%&#8221;][vc_column][vc_column_text]\n<h1>Zona autocaravanes<\/h1>\n[\/vc_column_text][\/vc_column][\/vc_row][vc_row][vc_column][vc_widget_sidebar sidebar_id=&#8221;barra-proxima-edicion-volcat-igualada&#8221;][\/vc_column][\/vc_row][vc_row][vc_column]<div class=\"vcex-spacing wpex-w-100 wpex-clear\"><\/div>[vc_column_text]\n<h2 style=\"text-align: center;\">Zona autocaravanes, un espai per a tots els ciclistes<\/h2>\n[\/vc_column_text][\/vc_column][\/vc_row][vc_row][vc_column width=&#8221;1\/2&#8243;][vc_single_image image=&#8221;689&#8243; css=&#8221;&#8221;][vc_column_text]Zona Camper Igualada edici\u00f3 2022[\/vc_column_text][\/vc_column][vc_column width=&#8221;1\/2&#8243;][vc_column_text css=&#8221;&#8221;]\n<p id=\"tw-target-text\" class=\"tw-data-text tw-text-large tw-ta\" dir=\"ltr\" data-placeholder=\"Traducci\u00f3n\"><span class=\"Y2IQFc\" lang=\"ca\" style=\"font-size: 16px;\">VolCAT Festival tindr\u00e0 disponible una zona per autocaravanes i campers perqu\u00e8 tots els participants i els seus acompanyants (adults i nens\/es) puguin gaudir d&#8217;una prova ciclista amb amics, parella o fam\u00edlia. <\/span><\/p>\n<p class=\"tw-data-text tw-text-large tw-ta\" dir=\"ltr\" data-placeholder=\"Traducci\u00f3n\"><span class=\"Y2IQFc\" lang=\"ca\" style=\"font-size: 16px;\">Una zona habilitada per a autocaravanes o campers. D&#8217;aquesta manera tots podran estar com m\u00e9s confortable millor en un esdeveniment ciclista de primer nivell com \u00e9s la VolCAT.<\/span><\/p>\n[\/vc_column_text][vc_column_text]\n<blockquote><p>Gaudir de l&#8217;ambient i les activitats per a tots els p\u00fablics, durant la jornada, sense preocupacions d&#8217;horaris, enmig de l&#8217;acci\u00f3 i connectats a tot el que est\u00e0 passant.<\/p><\/blockquote>\n[\/vc_column_text][\/vc_column][\/vc_row][vc_row][vc_column width=&#8221;1\/2&#8243;]<div class=\"vcex-icon vcex-module vcex-icon-normal\"><div class=\"vcex-icon-wrap wpex-inline-flex wpex-items-center wpex-justify-center wpex-leading-none\"><span class=\"wpex-icon\" aria-hidden=\"true\"><svg xmlns=\"http:\/\/www.w3.org\/2000\/svg\" viewBox=\"0 0 512 512\"><path d=\"M64 131.9C64 112.1 80.1 96 99.9 96c9.5 0 18.6 3.8 25.4 10.5l16.2 16.2c-21 38.9-17.4 87.5 10.9 123L151 247c-9.4 9.4-9.4 24.6 0 33.9s24.6 9.4 33.9 0L345 121c9.4-9.4 9.4-24.6 0-33.9s-24.6-9.4-33.9 0l-1.3 1.3c-35.5-28.3-84.2-31.9-123-10.9L170.5 61.3C151.8 42.5 126.4 32 99.9 32C44.7 32 0 76.7 0 131.9V448c0 17.7 14.3 32 32 32s32-14.3 32-32V131.9zM256 352a32 32 0 1 0 0-64 32 32 0 1 0 0 64zm64 64a32 32 0 1 0 -64 0 32 32 0 1 0 64 0zm0-128a32 32 0 1 0 0-64 32 32 0 1 0 0 64zm64 64a32 32 0 1 0 -64 0 32 32 0 1 0 64 0zm0-128a32 32 0 1 0 0-64 32 32 0 1 0 0 64zm64 64a32 32 0 1 0 -64 0 32 32 0 1 0 64 0zm32-32a32 32 0 1 0 0-64 32 32 0 1 0 0 64z\"\/><\/svg><\/span><\/div><\/div>[vc_column_text]\n<h3>Servei de dutxes<\/h3>\n[\/vc_column_text]<div class=\"vcex-spacing wpex-w-100 wpex-clear\"><\/div>[vc_column_text]<span style=\"font-size: 16px;\">El servei de dutxes es troba molt a prop de l&#8217;epicentre de la VolCAT, en el <a href=\"https:\/\/goo.gl\/maps\/KZJTrHiwxX4iczdWA\" target=\"_blank\" rel=\"noopener\">Parc del Xipreret<\/a>. <\/span><\/p>\n<p><span style=\"font-size: 16px;\">Proximitat i comoditat, per poder arribar-hi en bicicleta o a peu.<\/span><\/p>\n<p>&nbsp;<\/p>\n<p><span style=\"font-size: 16px;\">Si tens qualsevol dubte o consulta envia&#8217;ns un correu electr\u00f2nic a: <strong>hola@ocisport.net<\/strong><\/span>[\/vc_column_text][\/vc_column][vc_column width=&#8221;1\/2&#8243;][vc_gmaps link=&#8221;#E-8_JTNDaWZyYW1lJTIwc3JjJTNEJTIyaHR0cHMlM0ElMkYlMkZ3d3cuZ29vZ2xlLmNvbSUyRm1hcHMlMkZlbWJlZCUzRnBiJTNEJTIxMW0xOCUyMTFtMTIlMjExbTMlMjExZDI5ODQuMzk2NjQ0Njg2NjQ1NyUyMTJkMS42MjEyNDIxMTU3MTA1Mzk3JTIxM2Q0MS41ODIzMDExOTE4NTE0ODUlMjEybTMlMjExZjAlMjEyZjAlMjEzZjAlMjEzbTIlMjExaTEwMjQlMjEyaTc2OCUyMTRmMTMuMSUyMTNtMyUyMTFtMiUyMTFzMHgxMmE0NjlkYjY5NjIyOWZkJTI1M0EweDI5MTBkNWI2YmNmNDFjZTMlMjEyc1BhcnF1ZSUyNTIwZGVsJTI1MjBYaXByZXJldCUyMTVlMCUyMTNtMiUyMTFzZXMlMjEyc2VzJTIxNHYxNjgwMTcxNTgzMjk0JTIxNW0yJTIxMXNlcyUyMTJzZXMlMjIlMjB3aWR0aCUzRCUyMjYwMCUyMiUyMGhlaWdodCUzRCUyMjQ1MCUyMiUyMHN0eWxlJTNEJTIyYm9yZGVyJTNBMCUzQiUyMiUyMGFsbG93ZnVsbHNjcmVlbiUzRCUyMiUyMiUyMGxvYWRpbmclM0QlMjJsYXp5JTIyJTIwcmVmZXJyZXJwb2xpY3klM0QlMjJuby1yZWZlcnJlci13aGVuLWRvd25ncmFkZSUyMiUzRSUzQyUyRmlmcmFtZSUzRQ==&#8221;][\/vc_column][\/vc_row][vc_row][vc_column][vc_column_text css=&#8221;&#8221;]\n<h3 style=\"text-align: center;\">Vols gaudir de la Zona Camper?<\/h3>\n<p style=\"text-align: center;\"><span style=\"font-size: 16px;\">L&#8217;ordre de la inscripci\u00f3 determinar\u00e1 l&#8217;assignaci\u00f3 de parcel\u00b7les.<\/span><\/p>\n[\/vc_column_text]<div class=\"vcex-spacing wpex-w-100 wpex-clear\"><\/div><style>.vcex-button.vcex_6a044439b9a85{background:#bf0a08;color:#ffffff!important;}.vcex-button.vcex_6a044439b9a85:hover{background:#000000!important;color:#ffffff!important;}<\/style><div class=\"theme-button-wrap textcenter theme-button-block-wrap wpex-block wpex-clear wpex-clr\"><a href=\"https:\/\/www.rockthesport.com\/ca\/esdeveniment\/volcat-igualada-by-scott-2026\/inscripcio\/selecciona-tarifa?&#038;fee_tag=autocaravanas\" class=\"vcex-button theme-button minimal-border large align-center block vcex_6a044439b9a85\" target=\"_blank\" rel=\"noopener noreferrer\"><span class=\"vcex-button-inner theme-button-inner wpex-flex wpex-flex-wrap wpex-items-center wpex-justify-center\">RESERVA LA TEVA PARCEL\u00b7LA A LA ZONA CAMPER Y AUTOCARAVANAS<\/span><\/a><\/div> [\/vc_column][\/vc_row][vc_row full_width=&#8221;stretch_row&#8221; disable_element=&#8221;yes&#8221; css=&#8221;.vc_custom_1704803041302{background-color: #333333 !important;}&#8221;][vc_column][vc_column_text color=&#8221;#ffffff&#8221;]\n<h5 id=\"tw-target-text\" dir=\"ltr\" style=\"text-align: center;\" data-placeholder=\"Traducci\u00f3n\"><strong><span lang=\"es\" style=\"font-size: 16px;\">Serveis inclosos a la Zona Camper<\/span><\/strong><\/h5>\n[\/vc_column_text]<div class=\"vcex-spacing wpex-w-100 wpex-clear\"><\/div>[vc_row_inner][vc_column_inner width=&#8221;1\/3&#8243;]<style>.vcex-icon-box.vcex_6a044439ba733 .vcex-icon-box-heading{color:#ffffff;}.vcex-icon-box.vcex_6a044439ba733 .vcex-icon-box-icon{font-size:var(--vcex-icon-md);color:#ffffff;}<\/style><div class=\"vcex-module vcex-icon-box vcex-icon-box-four wpex-block wpex-text-center wpex-p-30 wpex-bordered vcex_6a044439ba733\"><div class=\"vcex-icon-box-symbol vcex-icon-box-symbol--icon wpex-mb-20\"><div class=\"vcex-icon-box-icon wpex-items-center wpex-justify-center wpex-child-inherit-color wpex-text-center wpex-leading-none wpex-inline-flex wpex-text-1\"><span class=\"wpex-flex wpex-icon\" aria-hidden=\"true\"><svg xmlns=\"http:\/\/www.w3.org\/2000\/svg\" viewBox=\"0 0 512 512\"><path d=\"M64 131.9C64 112.1 80.1 96 99.9 96c9.5 0 18.6 3.8 25.4 10.5l16.2 16.2c-21 38.9-17.4 87.5 10.9 123L151 247c-9.4 9.4-9.4 24.6 0 33.9s24.6 9.4 33.9 0L345 121c9.4-9.4 9.4-24.6 0-33.9s-24.6-9.4-33.9 0l-1.3 1.3c-35.5-28.3-84.2-31.9-123-10.9L170.5 61.3C151.8 42.5 126.4 32 99.9 32C44.7 32 0 76.7 0 131.9V448c0 17.7 14.3 32 32 32s32-14.3 32-32V131.9zM256 352a32 32 0 1 0 0-64 32 32 0 1 0 0 64zm64 64a32 32 0 1 0 -64 0 32 32 0 1 0 64 0zm0-128a32 32 0 1 0 0-64 32 32 0 1 0 0 64zm64 64a32 32 0 1 0 -64 0 32 32 0 1 0 64 0zm0-128a32 32 0 1 0 0-64 32 32 0 1 0 0 64zm64 64a32 32 0 1 0 -64 0 32 32 0 1 0 64 0zm32-32a32 32 0 1 0 0-64 32 32 0 1 0 0 64z\"\/><\/svg><\/span><\/div><\/div><div class=\"vcex-icon-box-text\"><h2 class=\"vcex-icon-box-heading wpex-heading wpex-text-md wpex-mb-10\">M\u00f2dul WC i dutxes<\/h2><\/div><\/div>[\/vc_column_inner][vc_column_inner width=&#8221;1\/3&#8243;]<style>.vcex-icon-box.vcex_6a044439bad7f .vcex-icon-box-heading{color:#ffffff;}.vcex-icon-box.vcex_6a044439bad7f .vcex-icon-box-icon{font-size:var(--vcex-icon-md);color:#ffffff;}<\/style><div class=\"vcex-module vcex-icon-box vcex-icon-box-four wpex-block wpex-text-center wpex-p-30 wpex-bordered vcex_6a044439bad7f\"><div class=\"vcex-icon-box-symbol vcex-icon-box-symbol--icon wpex-mb-20\"><div class=\"vcex-icon-box-icon wpex-items-center wpex-justify-center wpex-child-inherit-color wpex-text-center wpex-leading-none wpex-inline-flex wpex-text-1\"><span class=\"wpex-flex wpex-icon\" aria-hidden=\"true\"><svg xmlns=\"http:\/\/www.w3.org\/2000\/svg\" viewBox=\"0 0 448 512\"><path d=\"M349.4 44.6c5.9-13.7 1.5-29.7-10.6-38.5s-28.6-8-39.9 1.8l-256 224c-10 8.8-13.6 22.9-8.9 35.3S50.7 288 64 288H175.5L98.6 467.4c-5.9 13.7-1.5 29.7 10.6 38.5s28.6 8 39.9-1.8l256-224c10-8.8 13.6-22.9 8.9-35.3s-16.6-20.7-30-20.7H272.5L349.4 44.6z\"\/><\/svg><\/span><\/div><\/div><div class=\"vcex-icon-box-text\"><h2 class=\"vcex-icon-box-heading wpex-heading wpex-text-md wpex-mb-10\">Punt de llum<\/h2><\/div><\/div>[\/vc_column_inner][vc_column_inner width=&#8221;1\/3&#8243;]<style>.vcex-icon-box.vcex_6a044439bb381 .vcex-icon-box-heading{color:#ffffff;}.vcex-icon-box.vcex_6a044439bb381 .vcex-icon-box-icon{font-size:var(--vcex-icon-md);color:#ffffff;}<\/style><div class=\"vcex-module vcex-icon-box vcex-icon-box-four wpex-block wpex-text-center wpex-p-30 wpex-bordered vcex_6a044439bb381\"><div class=\"vcex-icon-box-symbol vcex-icon-box-symbol--icon wpex-mb-20\"><div class=\"vcex-icon-box-icon wpex-items-center wpex-justify-center wpex-child-inherit-color wpex-text-center wpex-leading-none wpex-inline-flex wpex-text-1\"><span class=\"wpex-flex wpex-icon\" aria-hidden=\"true\"><svg xmlns=\"http:\/\/www.w3.org\/2000\/svg\" viewBox=\"0 0 640 512\"><path d=\"M312 32c-13.3 0-24 10.7-24 24s10.7 24 24 24h25.7l34.6 64H222.9l-27.4-38C191 99.7 183.7 96 176 96H120c-13.3 0-24 10.7-24 24s10.7 24 24 24h43.7l22.1 30.7-26.6 53.1c-10-2.5-20.5-3.8-31.2-3.8C57.3 224 0 281.3 0 352s57.3 128 128 128c65.3 0 119.1-48.9 127-112h49c8.5 0 16.3-4.5 20.7-11.8l84.8-143.5 21.7 40.1C402.4 276.3 384 312 384 352c0 70.7 57.3 128 128 128s128-57.3 128-128s-57.3-128-128-128c-13.5 0-26.5 2.1-38.7 6L375.4 48.8C369.8 38.4 359 32 347.2 32H312zM458.6 303.7l32.3 59.7c6.3 11.7 20.9 16 32.5 9.7s16-20.9 9.7-32.5l-32.3-59.7c3.6-.6 7.4-.9 11.2-.9c39.8 0 72 32.2 72 72s-32.2 72-72 72s-72-32.2-72-72c0-18.6 7-35.5 18.6-48.3zM133.2 368h65c-7.3 32.1-36 56-70.2 56c-39.8 0-72-32.2-72-72s32.2-72 72-72c1.7 0 3.4 .1 5.1 .2l-24.2 48.5c-9 18.1 4.1 39.4 24.3 39.4zm33.7-48l50.7-101.3 72.9 101.2-.1 .1H166.8zm90.6-128H365.9L317 274.8 257.4 192z\"\/><\/svg><\/span><\/div><\/div><div class=\"vcex-icon-box-text\"><h2 class=\"vcex-icon-box-heading wpex-heading wpex-text-md wpex-mb-10\">Espai neteja bicicletes<\/h2><\/div><\/div>[\/vc_column_inner][\/vc_row_inner][\/vc_column][\/vc_row][vc_row remove_bottom_col_margin=&#8221;true&#8221;][vc_column][vc_widget_sidebar sidebar_id=&#8221;primera-columna-logo&#8221;][\/vc_column][\/vc_row]\n<\/div>","protected":false},"excerpt":{"rendered":"<p>[vc_row full_width=&#8221;stretch_row&#8221; content_placement=&#8221;bottom&#8221; typography_style=&#8221;white&#8221; css=&#8221;.vc_custom_1733911534197{background-image: url(https:\/\/volcatbtt.com\/wp-content\/uploads\/2024\/11\/zona-camper-igualada-2022.png?id=689) !important;background-position: center !important;background-repeat: no-repeat !important;background-size: cover !important;}&#8221; min_height=&#8221;200px&#8221; wpex_bg_position=&#8221;50% 70%&#8221;][vc_column][vc_column_text] Zona autocaravanes [\/vc_column_text][\/vc_column][\/vc_row][vc_row][vc_column][vc_widget_sidebar sidebar_id=&#8221;barra-proxima-edicion-volcat-igualada&#8221;][\/vc_column][\/vc_row][vc_row][vc_column][vc_column_text] Zona autocaravanes, un espai per a tots els ciclistes [\/vc_column_text][\/vc_column][\/vc_row][vc_row][vc_column width=&#8221;1\/2&#8243;][vc_single_image image=&#8221;689&#8243; css=&#8221;&#8221;][vc_column_text]Zona Camper Igualada edici\u00f3 2022[\/vc_column_text][\/vc_column][vc_column width=&#8221;1\/2&#8243;][vc_column_text css=&#8221;&#8221;] VolCAT Festival tindr\u00e0 disponible una zona per autocaravanes i campers perqu\u00e8 tots els participants i els&hellip;<\/p>\n","protected":false},"author":2,"featured_media":0,"parent":443,"menu_order":0,"comment_status":"closed","ping_status":"closed","template":"","meta":{"footnotes":""},"class_list":["post-693","page","type-page","status-publish","hentry","entry","no-media"],"_links":{"self":[{"href":"https:\/\/volcatbtt.com\/ca\/wp-json\/wp\/v2\/pages\/693","targetHints":{"allow":["GET"]}}],"collection":[{"href":"https:\/\/volcatbtt.com\/ca\/wp-json\/wp\/v2\/pages"}],"about":[{"href":"https:\/\/volcatbtt.com\/ca\/wp-json\/wp\/v2\/types\/page"}],"author":[{"embeddable":true,"href":"https:\/\/volcatbtt.com\/ca\/wp-json\/wp\/v2\/users\/2"}],"replies":[{"embeddable":true,"href":"https:\/\/volcatbtt.com\/ca\/wp-json\/wp\/v2\/comments?post=693"}],"version-history":[{"count":9,"href":"https:\/\/volcatbtt.com\/ca\/wp-json\/wp\/v2\/pages\/693\/revisions"}],"predecessor-version":[{"id":11846,"href":"https:\/\/volcatbtt.com\/ca\/wp-json\/wp\/v2\/pages\/693\/revisions\/11846"}],"up":[{"embeddable":true,"href":"https:\/\/volcatbtt.com\/ca\/wp-json\/wp\/v2\/pages\/443"}],"wp:attachment":[{"href":"https:\/\/volcatbtt.com\/ca\/wp-json\/wp\/v2\/media?parent=693"}],"curies":[{"name":"wp","href":"https:\/\/api.w.org\/{rel}","templated":true}]}}