{"id":10523,"date":"2024-11-25T13:42:14","date_gmt":"2024-11-25T11:42:14","guid":{"rendered":"https:\/\/volcatbtt.com\/faq\/"},"modified":"2025-11-20T12:12:20","modified_gmt":"2025-11-20T10:12:20","slug":"faq-volcat-igualada-fr","status":"publish","type":"page","link":"https:\/\/volcatbtt.com\/fr\/faq-volcat-igualada-fr\/","title":{"rendered":"FAQ"},"content":{"rendered":"<div class=\"wpb-content-wrapper\">[vc_row][vc_column]<style>.vcex-page-title.vcex_69dbabe132013 .vcex-page-title__heading{font-size:50px;font-weight:700;}<\/style><div class=\"vcex-page-title vcex-module wpex-text-center vcex_69dbabe132013\"><h1 class=\"vcex-page-title__heading wpex-heading wpex-text-3xl\"><span class=\"vcex-page-title__text\">FAQ<\/span><\/h1><\/div>[\/vc_column][\/vc_row][vc_row gap=\u00a0\u00bb35&Prime;][vc_column width=\u00a0\u00bb1\/2&Prime;][vc_column_text css=\u00a0\u00bb\u00a0\u00bb]\n<h3 style=\"text-align: justify;\"><span style=\"font-size: 16px;\"><strong>O\u00d9 ET QUAND EST-CE QUE JE PEUX R\u00c9CUP\u00c9RER MA PLAQUE\/ MON DOSSARD?<\/strong><\/span><\/h3>\n<p class=\"p3\" style=\"text-align: justify;\"><span style=\"font-size: 14px;\">Vous pourrez r\u00e9cup\u00e9rer le dossard au bureau de la course jusqu\u2019\u00e0 30 minutes avant la sortie. Il sera situ\u00e9 \u00e0 la zone du festival.<\/span><\/p>\n<h3 style=\"text-align: justify;\"><span style=\"font-size: 16px;\"><strong>O\u00d9 EST-CE QUE JE PEUX VOIR MON NUMERO DE DOSSARD?<\/strong><\/span><\/h3>\n<p class=\"p3\" style=\"text-align: justify;\"><span style=\"font-size: 14px;\">Votre num\u00e9ro sera publi\u00e9 sur le plafond d&rsquo;information \u00e0 la zone du bureau de la course.<\/span><\/p>\n<h3 style=\"text-align: justify;\"><span style=\"font-size: 16px;\"><strong>COMMENT EST-CE QUE JE PEUX SAVOIR LE CIRCUIT DE LA COURSE?<\/strong><\/span><\/h3>\n<p class=\"p3\" style=\"text-align: justify;\"><span style=\"font-size: 14px;\">Le circuit se trouvera sur la page web de la course sous \u201ccircuit\u201d ou \u201cTrack\u201d. S&rsquo;il n\u2019est pas publi\u00e9, c&rsquo;est parce qu&rsquo;il y a des changements impr\u00e9vus ou parce que nous n\u2019avons pas la confirmation. Le jour m\u00eame de la course, vous pourrez aussi trouver la carte du circuit au plafond d\u2019information.<\/span><\/p>\n<h3 style=\"text-align: justify;\"><span style=\"font-size: 16px;\"><strong>JUSQU\u2019A QUELLE JOUR EST-CE QUE JE PEUX M\u2019INSCRIRE A LA COURSE?<\/strong><\/span><\/h3>\n<p class=\"p3\" style=\"text-align: justify;\"><span style=\"font-size: 14px;\">Les inscriptions seront ouvertes jusqu\u2019au mercredi de la semaine de la course. Il est aussi possible de s\u2019inscrire le jour m\u00eame sur place en payant un plus de 10\u20ac.<\/span><\/p>\n<h3 style=\"text-align: justify;\"><span style=\"font-size: 16px;\"><strong>QUELLE EST LA DIFF\u00c9RENCE ENTRE OPEN ET PRO?<\/strong> <\/span><\/h3>\n<p style=\"text-align: justify;\"><span style=\"font-size: 14px;\">Vous pouvez participer dans la cat\u00e9gorie PRO si vous avez une licence f\u00e9d\u00e9rale de cyclisme. La cat\u00e9gorie est comp\u00e9titive et vous donne des points UCI. OPEN est pour ceux qui n&rsquo;ont pas de licence ou seulement une licence de cyclotouriste et qui ne veulent pas concourir pour des points.<\/span><\/p>\n<h3><strong><span style=\"font-size: 16px;\">PUIS-JE CHANGER LA TAILLE DU MAILLOT ?<\/span><\/strong><\/h3>\n<p>Envoyez-nous un email pour demander s&rsquo;il est toujours possible de modifier la taille. Si les inscriptions sont ferm\u00e9es, aucune modification ne pourra \u00eatre apport\u00e9e jusqu&rsquo;\u00e0 la fin de la course. Une fois la course termin\u00e9e, vous pourrez passer au bureau de course et voir s&rsquo;il reste des tailles.<\/p>\n<h3 style=\"text-align: justify;\"><strong><span style=\"font-size: 16px;\">O\u00d9 SE FERA LE D\u00c9PART ?<\/span><\/strong><\/h3>\n<p class=\"p3\" style=\"text-align: justify;\">Le d\u00e9part se fera dans la zone du festival, \u00e0 c\u00f4t\u00e9 de la tente d&rsquo;inscription.<\/p>\n[\/vc_column_text][\/vc_column][vc_column width=\u00a0\u00bb1\/2&Prime;][vc_column_text css=\u00a0\u00bb\u00a0\u00bb]\n<h3><span style=\"font-size: 16px;\"><strong>O\u00d9 PEUT-ON SE GARER ?<\/strong><\/span><\/h3>\n<p>Il n&rsquo;y a pas de parking \u00e9v\u00e9nementiel, mais le quartier propose des parkings publics juste \u00e0 c\u00f4t\u00e9.<\/p>\n<h3><strong><span style=\"font-size: 16px;\">Y AURA-T-IL UNE ZONE CARAVANE ?<\/span><\/strong><\/h3>\n<p>Il y aura une aire de camping-car \u00e0 c\u00f4t\u00e9 du festival. Les places sont limit\u00e9es et l&rsquo;inscription doit se faire via le site Internet.<\/p>\n<h3><strong><span style=\"font-size: 16px;\">COMMENT PUIS-JE OBTENIR UN ESPACE PADDOCK ?<\/span><\/strong><\/h3>\n<p>Pour obtenir un espace Paddock et v\u00e9rifier s&rsquo;il est toujours disponible, envoyez un email \u00e0 hola@ociport.net.<\/p>\n<h3><strong><span style=\"font-size: 16px;\">JE N&rsquo;AI PAS RE\u00c7U DE PREUVE D&rsquo;INSCRIPTION. QUE FAUT-IL FAIRE ?<\/span><\/strong><\/h3>\n<p>Envoyez un e-mail \u00e0 hola@ocisport.net.<\/p>\n<h3><span style=\"font-size: 16px;\"><strong>J&rsquo;AI PERDU MON DOS. QUE DOIS-JE FAIRE?<\/strong><\/span><\/h3>\n<p>Pr\u00e9sentez-vous au bureau de course le jour de la course et nous changerons votre num\u00e9ro.<br \/>\nImportant : Le prix d&rsquo;\u00e9change est de 5\u20ac.<\/p>\n<h3><span style=\"font-size: 16px;\"><strong>COMMENT PUIS-JE OBTENIR UN PASS POUR LE DOMAINE TECHNIQUE ?<\/strong><\/span><\/h3>\n<p>L&rsquo;inscription technique doit \u00eatre effectu\u00e9e sur la m\u00eame page web que l&rsquo;inscription au test. Une fois cela fait, vous pourrez r\u00e9cup\u00e9rer le PASS \u00e0 la zone technique du bureau de course. Sans inscription, nous ne pouvons pas donner d&rsquo;accr\u00e9ditation ![\/vc_column_text][\/vc_column][\/vc_row]\n<\/div>","protected":false},"excerpt":{"rendered":"<p>[vc_row][vc_column][\/vc_column][\/vc_row][vc_row gap=\u00a0\u00bb35&Prime;][vc_column width=\u00a0\u00bb1\/2&Prime;][vc_column_text css=\u00a0\u00bb\u00a0\u00bb] O\u00d9 ET QUAND EST-CE QUE JE PEUX R\u00c9CUP\u00c9RER MA PLAQUE\/ MON DOSSARD? Vous pourrez r\u00e9cup\u00e9rer le dossard au bureau de la course jusqu\u2019\u00e0 30 minutes avant la sortie. Il sera situ\u00e9 \u00e0 la zone du festival. O\u00d9 EST-CE QUE JE PEUX VOIR MON NUMERO DE DOSSARD? Votre num\u00e9ro sera publi\u00e9 sur&hellip;<\/p>\n","protected":false},"author":2,"featured_media":0,"parent":0,"menu_order":0,"comment_status":"closed","ping_status":"closed","template":"","meta":{"footnotes":""},"class_list":["post-10523","page","type-page","status-publish","hentry","entry","no-media"],"_links":{"self":[{"href":"https:\/\/volcatbtt.com\/fr\/wp-json\/wp\/v2\/pages\/10523","targetHints":{"allow":["GET"]}}],"collection":[{"href":"https:\/\/volcatbtt.com\/fr\/wp-json\/wp\/v2\/pages"}],"about":[{"href":"https:\/\/volcatbtt.com\/fr\/wp-json\/wp\/v2\/types\/page"}],"author":[{"embeddable":true,"href":"https:\/\/volcatbtt.com\/fr\/wp-json\/wp\/v2\/users\/2"}],"replies":[{"embeddable":true,"href":"https:\/\/volcatbtt.com\/fr\/wp-json\/wp\/v2\/comments?post=10523"}],"version-history":[{"count":3,"href":"https:\/\/volcatbtt.com\/fr\/wp-json\/wp\/v2\/pages\/10523\/revisions"}],"predecessor-version":[{"id":11493,"href":"https:\/\/volcatbtt.com\/fr\/wp-json\/wp\/v2\/pages\/10523\/revisions\/11493"}],"wp:attachment":[{"href":"https:\/\/volcatbtt.com\/fr\/wp-json\/wp\/v2\/media?parent=10523"}],"curies":[{"name":"wp","href":"https:\/\/api.w.org\/{rel}","templated":true}]}}