{"id":11615,"date":"2025-11-20T14:37:32","date_gmt":"2025-11-20T12:37:32","guid":{"rendered":"https:\/\/volcatbtt.com\/special-25-years\/"},"modified":"2026-03-25T14:49:50","modified_gmt":"2026-03-25T12:49:50","slug":"special-25-ans","status":"publish","type":"page","link":"https:\/\/volcatbtt.com\/fr\/special-25-ans\/","title":{"rendered":"Sp\u00e9cial 25 ans"},"content":{"rendered":"<div class=\"wpb-content-wrapper\">[vc_row full_width=\u00a0\u00bbstretch_row\u00a0\u00bb wpex_shape_divider_bottom=\u00a0\u00bbarrow\u00a0\u00bb wpex_shape_divider_bottom_invert=\u00a0\u00bbtrue\u00a0\u00bb wpex_bg_overlay=\u00a0\u00bbdark\u00a0\u00bb css=\u00a0\u00bb.vc_custom_1763640877139{background-image: url(https:\/\/volcatbtt.com\/wp-content\/uploads\/2025\/11\/volcat-25-anys-ocisport.jpg?id=11535) !important;background-position: center !important;background-repeat: no-repeat !important;background-size: cover !important;}\u00a0\u00bb min_height=\u00a0\u00bb450px\u00a0\u00bb wpex_bg_overlay_color=\u00a0\u00bb#000000&Prime; wpex_shape_divider_bottom_color=\u00a0\u00bb#ffffff\u00a0\u00bb wpex_bg_overlay_opacity=\u00a0\u00bb0.45&Prime; wpex_bg_position=\u00a0\u00bbtop left\u00a0\u00bb][vc_column]<div class=\"vcex-spacing wpex-w-100 wpex-clear\" style=\"height:150px;\"><\/div><style>.vcex-heading.vcex_6a04448ccda71{color:#ffffff;font-size:40px;font-weight:700;}<\/style><h1 class=\"vcex-heading vcex-heading-plain vcex-module wpex-heading wpex-text-2xl vcex_6a04448ccda71\"><span class=\"vcex-heading-inner wpex-inline-block\">Ocisport c\u00e9l\u00e8bre ses 25 ans<br \/>\nd'organisation d'\u00e9v\u00e9nements sportifs<\/span><\/h1>[\/vc_column][\/vc_row][vc_row full_width=\u00a0\u00bbstretch_row\u00a0\u00bb remove_bottom_col_margin=\u00a0\u00bbtrue\u00a0\u00bb typography_style=\u00a0\u00bbblack\u00a0\u00bb css=\u00a0\u00bb.vc_custom_1763641733794{padding-top: 20px !important;padding-bottom: 20px !important;background-position: 0 0 !important;background-repeat: repeat-y !important;}\u00a0\u00bb][vc_column]<style>.vcex-grid-container.vcex_6a04448cce237{gap:30px;}<\/style><div class=\"vcex-grid-container vcex-module wpex-grid wpex-gap-20 wpex-grid-cols-1 wpex-sm-grid-cols-3 wpex-lg-grid-cols-3 wpex-items-center vcex_6a04448cce237\"><style>.vcex-icon-box.vcex_6a04448cceb51 .vcex-icon-box-heading{color:#aa1100;font-size:30px;}.vcex-icon-box.vcex_6a04448cceb51 .vcex-icon-box-icon{font-size:var(--vcex-icon-md);color:#aa1100;}.vcex-icon-box.vcex_6a04448cceb51 .vcex-icon-box-image{width:250px;}<\/style><div class=\"vcex-module vcex-icon-box vcex-icon-box-one wpex-flex wpex-text-left vc_custom_1768984894000 vcex_6a04448cceb51\"><div class=\"vcex-icon-box-symbol vcex-icon-box-symbol--image wpex-flex-shrink-0 wpex-mr-20\"><a href=\"https:\/\/ocisport.net\/fr\/calendrier\/\" class=\"wpex-no-underline\" target=\"_blank\" rel=\"noopener noreferrer\"><img loading=\"lazy\" class=\"vcex-icon-box-image wpex-align-middle\" decoding=\"async\" src=\"https:\/\/volcatbtt.com\/wp-content\/uploads\/2026\/01\/ocisport_25_anys_h-250x72.png\" alt=\"\" srcset=\"https:\/\/volcatbtt.com\/wp-content\/uploads\/2026\/01\/ocisport_25_anys_h-250x72.png 250w, https:\/\/volcatbtt.com\/wp-content\/uploads\/2026\/01\/ocisport_25_anys_h-300x87.png 300w, https:\/\/volcatbtt.com\/wp-content\/uploads\/2026\/01\/ocisport_25_anys_h-1024x297.png 1024w, https:\/\/volcatbtt.com\/wp-content\/uploads\/2026\/01\/ocisport_25_anys_h-768x222.png 768w, https:\/\/volcatbtt.com\/wp-content\/uploads\/2026\/01\/ocisport_25_anys_h-1536x445.png 1536w, https:\/\/volcatbtt.com\/wp-content\/uploads\/2026\/01\/ocisport_25_anys_h-2048x593.png 2048w\" width=\"250\" height=\"72\"><\/a><\/div><div class=\"vcex-icon-box-text wpex-flex-grow\"><\/div><\/div><style>.vcex-icon-box.vcex_6a04448ccf99e .vcex-icon-box-heading{color:#aa1100;font-size:30px;}.vcex-icon-box.vcex_6a04448ccf99e .vcex-icon-box-icon{font-size:var(--vcex-icon-md);color:#aa1100;}<\/style><div class=\"vcex-module vcex-icon-box vcex-icon-box-one wpex-flex wpex-text-left vcex_6a04448ccf99e\"><div class=\"vcex-icon-box-symbol vcex-icon-box-symbol--icon wpex-flex-shrink-0 wpex-mr-20\"><div class=\"vcex-icon-box-icon wpex-items-center wpex-justify-center wpex-child-inherit-color wpex-text-center wpex-leading-none wpex-flex wpex-text-1\"><span class=\"wpex-flex wpex-icon--w vc_li vc_li-calendar\" aria-hidden=\"true\"><\/span><\/div><\/div><div class=\"vcex-icon-box-text wpex-flex-grow\"><h2 class=\"vcex-icon-box-heading wpex-heading wpex-mb-10\">4 ABRIL<\/h2><div class=\"vcex-icon-box-content wpex-last-mb-0 wpex-clr\"><p>DATE<\/p>\n<\/div><\/div><\/div><style>.vcex-icon-box.vcex_6a04448cd0140 .vcex-icon-box-heading{color:#aa1100;font-size:30px;}.vcex-icon-box.vcex_6a04448cd0140 .vcex-icon-box-icon{font-size:var(--vcex-icon-md);color:#aa1100;}<\/style><div class=\"vcex-module vcex-icon-box vcex-icon-box-one wpex-flex wpex-text-left vcex_6a04448cd0140\"><div class=\"vcex-icon-box-symbol vcex-icon-box-symbol--icon wpex-flex-shrink-0 wpex-mr-20\"><div class=\"vcex-icon-box-icon wpex-items-center wpex-justify-center wpex-child-inherit-color wpex-text-center wpex-leading-none wpex-flex wpex-text-1\"><span class=\"wpex-flex wpex-icon--w vc_li vc_li-location\" aria-hidden=\"true\"><\/span><\/div><\/div><div class=\"vcex-icon-box-text wpex-flex-grow\"><h2 class=\"vcex-icon-box-heading wpex-heading wpex-mb-10\">Igualada<\/h2><div class=\"vcex-icon-box-content wpex-last-mb-0 wpex-clr\"><p>EMPLACEMENT<\/p>\n<\/div><\/div><\/div><\/div>[\/vc_column][\/vc_row][vc_row css=\u00a0\u00bb.vc_custom_1664874874076{padding-top: 40px !important;}\u00a0\u00bb][vc_column][vc_column_text css=\u00a0\u00bb\u00a0\u00bb]\n<p style=\"text-align: center;\"><span style=\"font-size: 16px;\">Une histoire passionnante, riche en objectifs, d\u00e9fis et exploits. Un parcours que nous avons accompli avec vous et qui nourrit notre enthousiasme. La VolCAT est un symbole du VTT et un \u00e9l\u00e9ment fondamental d&rsquo;Ocisport. C&rsquo;est pourquoi, cette ann\u00e9e, nous soufflerons nos bougies lors d&rsquo;une VolCAT unique, riche en activit\u00e9s.<\/span><\/p>\n<p style=\"text-align: center;\"><span style=\"font-size: 16px;\">L&rsquo;\u00e9dition la plus sp\u00e9ciale de la VolCAT arrive avec une s\u00e9rie de nouveaut\u00e9s et de surprises. Le<strong> samedi 4 avril<\/strong>, le Parc Central d&rsquo;Igualada se transformera en une grande f\u00eate du cyclisme. Un programme sportif o\u00f9 tout le monde aura sa place et qui se terminera par un spectacle musical.<\/span><\/p>\n<p style=\"text-align: center;\"><span style=\"font-size: 16px;\">Les participants recevront gratuitement un maillot comm\u00e9moratif et un repas au Parc Central d&rsquo;Igualada.<\/span><\/p>\n[\/vc_column_text]<style>.vcex-image.vcex_6a04448cd08b8 .vcex-image-inner{max-width:400px;}<\/style><figure class=\"vcex-image vcex-module wpex-text-center vcex_6a04448cd08b8\"><div class=\"vcex-image-inner wpex-relative wpex-inline-block\"><a href=\"https:\/\/volcatbtt.com\/wp-content\/uploads\/2026\/01\/maillot_volcat_26.png\" class=\"wpex-lightbox\"><img width=\"864\" height=\"780\" src=\"https:\/\/volcatbtt.com\/wp-content\/uploads\/2026\/01\/maillot_volcat_26.png\" class=\"vcex-image-img wpex-align-middle\" alt=\"\" loading=\"lazy\" decoding=\"async\" srcset=\"https:\/\/volcatbtt.com\/wp-content\/uploads\/2026\/01\/maillot_volcat_26.png 864w, https:\/\/volcatbtt.com\/wp-content\/uploads\/2026\/01\/maillot_volcat_26-300x271.png 300w, https:\/\/volcatbtt.com\/wp-content\/uploads\/2026\/01\/maillot_volcat_26-768x693.png 768w\" sizes=\"auto, (max-width: 864px) 100vw, 864px\" \/><\/a><\/div><figcaption class=\"vcex-image-caption wpex-mt-10\">MAILLOT INCLUS<\/figcaption><\/figure><div class=\"vcex-spacing wpex-w-100 wpex-clear\" style=\"height:20px;\"><\/div><style>.vcex-button.vcex_6a04448cd21f7{background:#ed7203;}<\/style><div class=\"theme-button-wrap textcenter wpex-clr\"><a href=\"https:\/\/ocisport.net\/fr\/calendrier\/\" class=\"vcex-button theme-button large align-center inline vcex_6a04448cd21f7\" target=\"_blank\" rel=\"noopener noreferrer\"><span class=\"vcex-button-inner theme-button-inner wpex-flex wpex-flex-wrap wpex-items-center wpex-justify-center\">CALENDRIER OCISPORT 2026<\/span><\/a><\/div> [\/vc_column][\/vc_row][vc_row gap=\u00a0\u00bb10&Prime;][vc_column]<style>.vcex-heading.vcex_6a04448cd2686{font-size:30px;font-weight:700;}<\/style><h2 class=\"vcex-heading vcex-heading-plain vcex-module wpex-heading wpex-text-2xl wpex-text-center vcex_6a04448cd2686\"><span class=\"vcex-heading-inner wpex-inline-block\">Programme sportif<\/span><\/h2>[\/vc_column][\/vc_row][vc_row full_width=\u00a0\u00bbstretch_row_content\u00a0\u00bb][vc_column width=\u00a0\u00bb1\/3&Prime;]<style>.vcex-teaser.vcex_6a04448cd2ec0 .vcex-teaser-heading{font-size:20px;}<\/style><div class=\"vcex-module vcex-teaser wpex-flex wpex-flex-col vcex_6a04448cd2ec0\"><div class=\"vcex-teaser-media wpex-mb-20\"><a href=\"https:\/\/www.gravelridetour.com\/fr\/etapes\/gravel-ride-tour-igualada-fr\/\" class=\"wpex-no-underline\" target=\"_blank\" rel=\"noopener noreferrer\"><img width=\"600\" height=\"400\" src=\"https:\/\/volcatbtt.com\/wp-content\/uploads\/2026\/01\/gravel-ride-igualada-volcat.png\" class=\"wpex-align-middle wpex-rounded\" alt=\"\" loading=\"lazy\" decoding=\"async\" srcset=\"https:\/\/volcatbtt.com\/wp-content\/uploads\/2026\/01\/gravel-ride-igualada-volcat.png 600w, https:\/\/volcatbtt.com\/wp-content\/uploads\/2026\/01\/gravel-ride-igualada-volcat-300x200.png 300w\" sizes=\"auto, (max-width: 600px) 100vw, 600px\" \/><\/a><\/div><div class=\"vcex-teaser-content\"><h2 class=\"vcex-teaser-heading wpex-heading wpex-text-lg\"><a href=\"https:\/\/www.gravelridetour.com\/fr\/etapes\/gravel-ride-tour-igualada-fr\/\" class=\"wpex-no-underline\" target=\"_blank\" rel=\"noopener noreferrer\">GRAVEL RIDE IGUALADA<\/a><\/h2><\/div><\/div><div class=\"vcex-spacing wpex-w-100 wpex-clear\" style=\"height:20px;\"><\/div><div class=\"vcex-multi-buttons wpex-flex wpex-flex-wrap wpex-items-center wpex-gap-10\"><a href=\"https:\/\/www.gravelridetour.com\/fr\/etapes\/gravel-ride-tour-igualada-fr\/\" class=\"theme-button flat outline-transparent wpex-text-center vcex-count-1\" target=\"_blank\" rel=\"noopener noreferrer\">PLUS D'INFOS<\/a><a href=\"https:\/\/www.rockthesport.com\/fr\/evenement\/gravel-ride-tour-igualada-2026\" class=\"theme-button flat outline-transparent wpex-text-center vcex-count-2\" target=\"_blank\" rel=\"noopener noreferrer\">INSCRIPTION<\/a><\/div>[\/vc_column][vc_column width=\u00a0\u00bb1\/3&Prime;]<style>.vcex-teaser.vcex_6a04448cd3ba4 .vcex-teaser-heading{font-size:20px;}<\/style><div class=\"vcex-module vcex-teaser wpex-flex wpex-flex-col vcex_6a04448cd3ba4\"><div class=\"vcex-teaser-media wpex-mb-20\"><a href=\"https:\/\/bikemarathonbtt.com\/en\/races\/igualada\/\" class=\"wpex-no-underline\" target=\"_blank\" rel=\"noopener noreferrer\"><img width=\"600\" height=\"400\" src=\"https:\/\/volcatbtt.com\/wp-content\/uploads\/2026\/01\/scott-marathon-igualada-volcat.png\" class=\"wpex-align-middle wpex-rounded\" alt=\"\" loading=\"lazy\" decoding=\"async\" srcset=\"https:\/\/volcatbtt.com\/wp-content\/uploads\/2026\/01\/scott-marathon-igualada-volcat.png 600w, https:\/\/volcatbtt.com\/wp-content\/uploads\/2026\/01\/scott-marathon-igualada-volcat-300x200.png 300w\" sizes=\"auto, (max-width: 600px) 100vw, 600px\" \/><\/a><\/div><div class=\"vcex-teaser-content\"><h2 class=\"vcex-teaser-heading wpex-heading wpex-text-lg\"><a href=\"https:\/\/bikemarathonbtt.com\/en\/races\/igualada\/\" class=\"wpex-no-underline\" target=\"_blank\" rel=\"noopener noreferrer\">SCOTT MARATHON IGUALADA<\/a><\/h2><div class=\"vcex-teaser-text wpex-mt-10 wpex-last-mb-0 wpex-clr\"><p>La VolCAT 2026 sera \u00e9galement la premi\u00e8re course du SCOTT Marathon VTT. La distance courte (XCP) s&rsquo;int\u00e8gre dans l&rsquo;\u00e9tape 1 de la VolCAT (3 avril), tandis que la distance longue (XCM) s&rsquo;int\u00e8gre dans l&rsquo;\u00e9tape 2 (4 avril). Le SCOTT Marathon BTT fait ainsi partie de cette \u00e9preuve embl\u00e9matique de VTT, \u00e0 l&rsquo;occasion de la c\u00e9l\u00e9bration des 25 ans d&rsquo;Ocisport.<\/p>\n<\/div><\/div><\/div><div class=\"vcex-spacing wpex-w-100 wpex-clear\" style=\"height:20px;\"><\/div><div class=\"vcex-multi-buttons wpex-flex wpex-flex-wrap wpex-items-center wpex-gap-10\"><a href=\"https:\/\/bikemarathonbtt.com\/en\/races\/igualada\/\" class=\"theme-button flat outline-transparent wpex-text-center vcex-count-1\" target=\"_blank\" rel=\"noopener noreferrer\">PLUS D'INFOS<\/a><a href=\"https:\/\/www.rockthesport.com\/fr\/evenement\/volcat-igualada-by-scott-2026\" class=\"theme-button flat outline-transparent wpex-text-center vcex-count-2\" target=\"_blank\" rel=\"noopener noreferrer\">INSCRIPTIONS<\/a><\/div>[\/vc_column][vc_column width=\u00a0\u00bb1\/3&Prime;]<style>.vcex-teaser.vcex_6a04448cd4801 .vcex-teaser-heading{font-size:20px;}<\/style><div class=\"vcex-module vcex-teaser wpex-flex wpex-flex-col vcex_6a04448cd4801\"><div class=\"vcex-teaser-media wpex-mb-20\"><a href=\"https:\/\/www.ebiketour.es\/es\/ebike-tour-160\/ebike-tour-igualada\" class=\"wpex-no-underline\" target=\"_blank\" rel=\"noopener noreferrer\"><img width=\"1920\" height=\"1280\" src=\"https:\/\/volcatbtt.com\/wp-content\/uploads\/2026\/01\/ebike-tour-igualada-ocisport.jpg\" class=\"wpex-align-middle wpex-rounded\" alt=\"\" loading=\"lazy\" decoding=\"async\" srcset=\"https:\/\/volcatbtt.com\/wp-content\/uploads\/2026\/01\/ebike-tour-igualada-ocisport.jpg 1920w, https:\/\/volcatbtt.com\/wp-content\/uploads\/2026\/01\/ebike-tour-igualada-ocisport-300x200.jpg 300w, https:\/\/volcatbtt.com\/wp-content\/uploads\/2026\/01\/ebike-tour-igualada-ocisport-1024x683.jpg 1024w, https:\/\/volcatbtt.com\/wp-content\/uploads\/2026\/01\/ebike-tour-igualada-ocisport-768x512.jpg 768w, https:\/\/volcatbtt.com\/wp-content\/uploads\/2026\/01\/ebike-tour-igualada-ocisport-1536x1024.jpg 1536w\" sizes=\"auto, (max-width: 1920px) 100vw, 1920px\" \/><\/a><\/div><div class=\"vcex-teaser-content\"><h2 class=\"vcex-teaser-heading wpex-heading wpex-text-lg\"><a href=\"https:\/\/www.ebiketour.es\/es\/ebike-tour-160\/ebike-tour-igualada\" class=\"wpex-no-underline\" target=\"_blank\" rel=\"noopener noreferrer\">E-BIKE TOUR IGUALADA<\/a><\/h2><\/div><\/div><div class=\"vcex-spacing wpex-w-100 wpex-clear\" style=\"height:20px;\"><\/div><div class=\"vcex-multi-buttons wpex-flex wpex-flex-wrap wpex-items-center wpex-gap-10\"><a href=\"https:\/\/www.ebiketour.es\/es\/ebike-tour-160\/ebike-tour-igualada\" class=\"theme-button flat outline-transparent wpex-text-center vcex-count-1\" target=\"_blank\" rel=\"noopener noreferrer\">PLUS D'INFOS<\/a><a href=\"https:\/\/www.rockthesport.com\/en\/event\/e-bike-igualada-2026\" class=\"theme-button flat outline-transparent wpex-text-center vcex-count-2\" target=\"_blank\" rel=\"noopener noreferrer\">INSCRIPTIONS<\/a><\/div>[\/vc_column][\/vc_row][vc_row full_width=\u00a0\u00bbstretch_row\u00a0\u00bb][vc_column]<style>.vcex-image.vcex_6a04448cd54d1 .vcex-image-inner{max-width:250px;}<\/style><figure class=\"vcex-image vcex-module wpex-text-center vcex_6a04448cd54d1\"><div class=\"vcex-image-inner wpex-relative wpex-inline-block\"><a href=\"https:\/\/volcatbtt.com\/fr\/volcat-igualada\/la-course-volcat-igualada\/volcat-kids-igualada\/\"><img width=\"2560\" height=\"1004\" src=\"https:\/\/volcatbtt.com\/wp-content\/uploads\/2025\/11\/volcat_kids_scott_n-scaled.png\" class=\"vcex-image-img wpex-align-middle\" alt=\"\" loading=\"lazy\" decoding=\"async\" srcset=\"https:\/\/volcatbtt.com\/wp-content\/uploads\/2025\/11\/volcat_kids_scott_n-scaled.png 2560w, https:\/\/volcatbtt.com\/wp-content\/uploads\/2025\/11\/volcat_kids_scott_n-300x118.png 300w, https:\/\/volcatbtt.com\/wp-content\/uploads\/2025\/11\/volcat_kids_scott_n-1024x402.png 1024w, https:\/\/volcatbtt.com\/wp-content\/uploads\/2025\/11\/volcat_kids_scott_n-768x301.png 768w, https:\/\/volcatbtt.com\/wp-content\/uploads\/2025\/11\/volcat_kids_scott_n-1536x602.png 1536w, https:\/\/volcatbtt.com\/wp-content\/uploads\/2025\/11\/volcat_kids_scott_n-2048x803.png 2048w\" sizes=\"auto, (max-width: 2560px) 100vw, 2560px\" \/><\/a><\/div><\/figure>[vc_column_text css=\u00a0\u00bb\u00a0\u00bb]\n<h2 style=\"text-align: center;\"><strong>Kids<\/strong><\/h2>\n[\/vc_column_text][vc_empty_space][vc_column_text css=\u00a0\u00bb\u00a0\u00bb]\n<p style=\"text-align: center;\"><span style=\"font-size: 16px;\">De plus, le vendredi 3, la VolCAT proposera \u00e9galement son habituel VolCAT Kids.<br \/>\n<\/span><span style=\"font-size: 16px;\">Les plus jeunes cyclistes trouveront un espace de divertissement o\u00f9 ils pourront p\u00e9daler avec leurs camarades.<\/span><\/p>\n[\/vc_column_text]<div class=\"vcex-spacing wpex-w-100 wpex-clear\"><\/div><div class=\"theme-button-wrap textcenter wpex-clr\"><a href=\"https:\/\/volcatbtt.com\/fr\/volcat-igualada\/programme-volcat-igualada\/\" class=\"vcex-button theme-button flat large align-center inline\"><span class=\"vcex-button-inner theme-button-inner wpex-flex wpex-flex-wrap wpex-items-center wpex-justify-center\">CONSULTER LE PROGRAMMES<\/span><\/a><\/div> [vc_empty_space height=\u00a0\u00bb50px\u00a0\u00bb][\/vc_column][\/vc_row][vc_row visibility=\u00a0\u00bbhidden\u00a0\u00bb][vc_column][vc_column_text css=\u00a0\u00bb\u00a0\u00bb]\n<h2 id=\"socialroad\"><\/h2>\n[\/vc_column_text]<figure class=\"vcex-image vcex-module\"><div class=\"vcex-image-inner wpex-relative wpex-inline-block\"><a href=\"https:\/\/www.rockthesport.com\/fr\/evenement\/volcat-road-experience-2026\/inscription\/selectionnez-tarif\" target=\"_blank\" rel=\"noopener noreferrer\"><img width=\"2560\" height=\"408\" src=\"https:\/\/volcatbtt.com\/wp-content\/uploads\/2026\/03\/banner_volcat_road_experience-scaled.jpg\" class=\"vcex-image-img wpex-align-middle\" alt=\"\" loading=\"lazy\" decoding=\"async\" srcset=\"https:\/\/volcatbtt.com\/wp-content\/uploads\/2026\/03\/banner_volcat_road_experience-scaled.jpg 2560w, https:\/\/volcatbtt.com\/wp-content\/uploads\/2026\/03\/banner_volcat_road_experience-300x48.jpg 300w, https:\/\/volcatbtt.com\/wp-content\/uploads\/2026\/03\/banner_volcat_road_experience-1024x163.jpg 1024w, https:\/\/volcatbtt.com\/wp-content\/uploads\/2026\/03\/banner_volcat_road_experience-768x122.jpg 768w, https:\/\/volcatbtt.com\/wp-content\/uploads\/2026\/03\/banner_volcat_road_experience-1536x245.jpg 1536w, https:\/\/volcatbtt.com\/wp-content\/uploads\/2026\/03\/banner_volcat_road_experience-2048x326.jpg 2048w\" sizes=\"auto, (max-width: 2560px) 100vw, 2560px\" \/><\/a><\/div><\/figure>[\/vc_column][\/vc_row][vc_row full_width=\u00a0\u00bbstretch_row\u00a0\u00bb visibility=\u00a0\u00bbhidden\u00a0\u00bb][vc_column width=\u00a0\u00bb1\/2&Prime;][vc_column_text css=\u00a0\u00bb\u00a0\u00bb]\n<h2 id=\"socialroad\"><strong>VOLCAT Road Experience<\/strong><\/h2>\n[\/vc_column_text][vc_empty_space][vc_column_text css=\u00a0\u00bb\u00a0\u00bb]<span style=\"font-size: 16px;\"><strong>Date :<\/strong> 4 avril 2026<br \/>\n<\/span><strong style=\"font-size: 16px;\">D\u00e9part:<\/strong><span style=\"font-size: 16px;\"> 9h15<br \/>\n<\/span><strong style=\"font-size: 16px;\">Frais d&rsquo;inscription:<\/strong><span style=\"font-size: 16px;\"> 42 \u20ac<br \/>\n<\/span><strong style=\"font-size: 16px;\">Places limit\u00e9es:<\/strong><span style=\"font-size: 16px;\"> 40 places<\/span><\/p>\n<p><strong><span style=\"font-size: 16px;\">Que comprend l&rsquo;inscription?<\/span><\/strong><\/p>\n<p><span style=\"font-size: 16px;\"><strong>Comprend:<\/strong> participation \u00e0 la Volcat Road Experience, bracelet d&rsquo;identification, ravitaillement Nutrisport, petit-d\u00e9jeuner et caf\u00e9 \u00e0 Castellar, maillot Volcat Festival 2026, cadeau du sponsor, v\u00e9hicule d&rsquo;assistance.<\/span><\/p>\n<p><span style=\"font-size: 16px;\">* Accompagn\u00e9s par 2 techniciens. Vitesse moyenne de 25 km\/h avec possibilit\u00e9 de 2 groupes de rythme dans les mont\u00e9es et regroupement au sommet.<br \/>\n<\/span><span style=\"font-size: 16px;\">* La participation en v\u00e9lo \u00e9lectrique est autoris\u00e9e.<\/span><\/p>\n<p><span style=\"font-size: 16px;\"><strong>Parcours :<\/strong> 60 km 900+<br \/>\n<\/span><strong><span style=\"font-size: 16px;\">Ravitaillements :<br \/>\n<\/span><\/strong><span style=\"font-size: 16px;\">km 11 Alt de les Malloles (croisement avec Rubi\u00f3)<br \/>\n<\/span><span style=\"font-size: 16px;\">km 32 Castellar \u2014&gt; Petit-d\u00e9jeuner<\/span><\/p>\n<p><span style=\"font-size: 16px;\"><strong>Arriv\u00e9e:<\/strong> km 60 Central Park \u2014&gt; L&rsquo;inscription comprend la possibilit\u00e9 d&rsquo;ajouter un ticket repas (boisson et paella) (+ 7 \u20ac)<\/span>[\/vc_column_text]<div class=\"vcex-spacing wpex-w-100 wpex-clear\"><\/div><div class=\"theme-button-wrap textcenter wpex-clr\"><a href=\"https:\/\/www.rockthesport.com\/fr\/evenement\/volcat-road-experience-2026\/inscription\/selectionnez-tarif\" class=\"vcex-button theme-button flat large align-center inline\" target=\"_blank\" rel=\"noopener noreferrer\"><span class=\"vcex-button-inner theme-button-inner wpex-flex wpex-flex-wrap wpex-items-center wpex-justify-center\">INSCRIPTIONS<\/span><\/a><\/div> [vc_empty_space height=\u00a0\u00bb50px\u00a0\u00bb][\/vc_column][vc_column width=\u00a0\u00bb1\/2&Prime;][vc_raw_html css=\u00a0\u00bb\u00a0\u00bb]JTNDaWZyYW1lJTIwZnJhbWVCb3JkZXIlM0QlMjIwJTIyJTIwc2Nyb2xsaW5nJTNEJTIybm8lMjIlMjBzcmMlM0QlMjJodHRwcyUzQSUyRiUyRmZyLndpa2lsb2MuY29tJTJGd2lraWxvYyUyRmVtYmVkdjIuZG8lM0ZpZCUzRDI1MjcyODc2MyUyNmVsZXZhdGlvbiUzRG9mZiUyNmltYWdlcyUzRG9mZiUyNm1hcHR5cGUlM0RIJTIyJTIwd2lkdGglM0QlMjI2MDAlMjIlMjBoZWlnaHQlM0QlMjI1MDAlMjIlMjBkYXRhLWNvb2tpZWNvbnNlbnQlM0QlMjJuZWNlc3NhcnklMjIlM0UlM0MlMkZpZnJhbWUlM0UlM0NkaXYlMjBzdHlsZSUzRCUyMmNvbG9yJTNBJTIzNzc3JTNCZm9udC1zaXplJTNBMTFweCUzQmxpbmUtaGVpZ2h0JTNBMTZweCUzQiUyMiUzRVBvd2VyZWQlMjBieSUyNm5ic3AlM0IlM0NhJTIwc3R5bGUlM0QlMjJjb2xvciUzQSUyMzRDOEMyQiUzQmZvbnQtc2l6ZSUzQTExcHglM0JsaW5lLWhlaWdodCUzQTE2cHglM0IlMjIlMjB0YXJnZXQlM0QlMjJfYmxhbmslMjIlMjBocmVmJTNEJTIyaHR0cHMlM0ElMkYlMkZmci53aWtpbG9jLmNvbSUyMiUzRVdpa2lsb2MlM0MlMkZhJTNFJTNDJTJGZGl2JTNF[\/vc_raw_html][\/vc_column][\/vc_row]\n<\/div>","protected":false},"excerpt":{"rendered":"<p>[vc_row full_width=\u00a0\u00bbstretch_row\u00a0\u00bb wpex_shape_divider_bottom=\u00a0\u00bbarrow\u00a0\u00bb wpex_shape_divider_bottom_invert=\u00a0\u00bbtrue\u00a0\u00bb wpex_bg_overlay=\u00a0\u00bbdark\u00a0\u00bb css=\u00a0\u00bb.vc_custom_1763640877139{background-image: url(https:\/\/volcatbtt.com\/wp-content\/uploads\/2025\/11\/volcat-25-anys-ocisport.jpg?id=11535) !important;background-position: center !important;background-repeat: no-repeat !important;background-size: cover !important;}\u00a0\u00bb min_height=\u00a0\u00bb450px\u00a0\u00bb wpex_bg_overlay_color=\u00a0\u00bb#000000&Prime; wpex_shape_divider_bottom_color=\u00a0\u00bb#ffffff\u00a0\u00bb wpex_bg_overlay_opacity=\u00a0\u00bb0.45&Prime; wpex_bg_position=\u00a0\u00bbtop left\u00a0\u00bb][vc_column][\/vc_column][\/vc_row][vc_row full_width=\u00a0\u00bbstretch_row\u00a0\u00bb remove_bottom_col_margin=\u00a0\u00bbtrue\u00a0\u00bb typography_style=\u00a0\u00bbblack\u00a0\u00bb css=\u00a0\u00bb.vc_custom_1763641733794{padding-top: 20px !important;padding-bottom: 20px !important;background-position: 0 0 !important;background-repeat: repeat-y !important;}\u00a0\u00bb][vc_column][\/vc_column][\/vc_row][vc_row css=\u00a0\u00bb.vc_custom_1664874874076{padding-top: 40px !important;}\u00a0\u00bb][vc_column][vc_column_text css=\u00a0\u00bb\u00a0\u00bb] Une histoire passionnante, riche en objectifs, d\u00e9fis et exploits. Un parcours que nous avons accompli avec vous et&hellip;<\/p>\n","protected":false},"author":2,"featured_media":0,"parent":0,"menu_order":0,"comment_status":"closed","ping_status":"closed","template":"","meta":{"footnotes":""},"class_list":["post-11615","page","type-page","status-publish","hentry","entry","no-media"],"_links":{"self":[{"href":"https:\/\/volcatbtt.com\/fr\/wp-json\/wp\/v2\/pages\/11615","targetHints":{"allow":["GET"]}}],"collection":[{"href":"https:\/\/volcatbtt.com\/fr\/wp-json\/wp\/v2\/pages"}],"about":[{"href":"https:\/\/volcatbtt.com\/fr\/wp-json\/wp\/v2\/types\/page"}],"author":[{"embeddable":true,"href":"https:\/\/volcatbtt.com\/fr\/wp-json\/wp\/v2\/users\/2"}],"replies":[{"embeddable":true,"href":"https:\/\/volcatbtt.com\/fr\/wp-json\/wp\/v2\/comments?post=11615"}],"version-history":[{"count":85,"href":"https:\/\/volcatbtt.com\/fr\/wp-json\/wp\/v2\/pages\/11615\/revisions"}],"predecessor-version":[{"id":12589,"href":"https:\/\/volcatbtt.com\/fr\/wp-json\/wp\/v2\/pages\/11615\/revisions\/12589"}],"wp:attachment":[{"href":"https:\/\/volcatbtt.com\/fr\/wp-json\/wp\/v2\/media?parent=11615"}],"curies":[{"name":"wp","href":"https:\/\/api.w.org\/{rel}","templated":true}]}}