{"id":438,"date":"2024-10-17T10:53:25","date_gmt":"2024-10-17T08:53:25","guid":{"rendered":"https:\/\/wpprovis.com\/volcat-igualada\/la-course-volcat-igualada\/"},"modified":"2026-01-09T10:33:44","modified_gmt":"2026-01-09T08:33:44","slug":"la-course-volcat-igualada","status":"publish","type":"page","link":"https:\/\/volcatbtt.com\/fr\/volcat-igualada\/la-course-volcat-igualada\/","title":{"rendered":"La course Volcat Igualada"},"content":{"rendered":"<div class=\"wpb-content-wrapper\">[vc_row full_width=\u00a0\u00bbstretch_row\u00a0\u00bb content_placement=\u00a0\u00bbbottom\u00a0\u00bb typography_style=\u00a0\u00bbwhite\u00a0\u00bb css=\u00a0\u00bb.vc_custom_1729155350823{background: #222222 url(https:\/\/volcatbtt.com\/wp-content\/uploads\/2024\/10\/2024-03-30-volcat-igualada-xxss-premsa-foto-francesc-llado-003-R.jpg?id=109) !important;background-position: center !important;background-repeat: no-repeat !important;background-size: cover !important;}\u00a0\u00bb min_height=\u00a0\u00bb200px\u00a0\u00bb][vc_column][vc_column_text]\n<h1>La course<\/h1>\n[\/vc_column_text][\/vc_column][\/vc_row][vc_row full_width=\u00a0\u00bbstretch_row\u00a0\u00bb content_placement=\u00a0\u00bbmiddle\u00a0\u00bb remove_bottom_col_margin=\u00a0\u00bbtrue\u00a0\u00bb typography_style=\u00a0\u00bbwhite\u00a0\u00bb][vc_column][vc_widget_sidebar sidebar_id=\u00a0\u00bbbarra-proxima-edicion-volcat-igualada\u00a0\u00bb][\/vc_column][\/vc_row][vc_row full_width=\u00a0\u00bbstretch_row\u00a0\u00bb content_placement=\u00a0\u00bbmiddle\u00a0\u00bb column_spacing=\u00a0\u00bb60&Prime; css=\u00a0\u00bb.vc_custom_1664539705232{padding-top: 80px !important;padding-bottom: 40px !important;}\u00a0\u00bb][vc_column width=\u00a0\u00bb1\/2&Prime;][vc_column_text css=\u00a0\u00bb\u00a0\u00bb]\n<h2>L&rsquo;une des plus anciennes courses par \u00e9tapes d&rsquo;Europe<\/h2>\n<p><span style=\"font-size: 16px;\">La VolCAT est l&rsquo;une des courses les plus r\u00e9put\u00e9es dans le monde du cyclisme et est inscrite en rouge dans le calendrier de la plupart des amateurs de VTT. Une occasion unique de participer \u00e0 une comp\u00e9tition de haut niveau qui dure plusieurs jours. Une course par \u00e9tapes consid\u00e9r\u00e9e comme une r\u00e9f\u00e9rence internationale et qui attire chaque ann\u00e9e un grand nombre de coureurs. <\/span><\/p>\n<p><span style=\"font-size: 16px;\">La nature, les sentiers sans fin et le parcours spectaculaire font de la VolCAT une course qui respire le VTT \u00e0 l&rsquo;\u00e9tat pur. Une \u00e9tape compl\u00e8te, avec un espace pour les cyclistes PRO et OPEN. Un moment unique pour profiter de la comp\u00e9tition ou de la compagnie d&rsquo;amis. Une exp\u00e9rience qui reste grav\u00e9e dans la m\u00e9moire de tous ceux qui entreprennent cette aventure. <\/span><\/p>\n<h2><strong>VolCAT by SCOTT 2026 : trois jours de course inoubliables<\/strong><\/h2>\n<p><span style=\"font-size: 16px;\">La 21e \u00e9dition de la VolCAT revient \u00e0 l&rsquo;essence m\u00eame de cet \u00e9v\u00e9nement avec trois jours intenses de comp\u00e9tition. Comme le veut la tradition, P\u00e2ques, les 3, 4 et 5 avril, sera la date choisie pour c\u00e9l\u00e9brer l&rsquo;\u00e9v\u00e9nement, une fois de plus avec Igualada et la r\u00e9gion d&rsquo;Anoia comme toile de fond. Les pr\u00e9visions annoncent \u00e0 nouveau un grand nombre de participants venus de toute l&rsquo;Europe et du monde entier. <\/span>[\/vc_column_text][vc_column_text css=\u00a0\u00bb\u00a0\u00bb color=\u00a0\u00bb#dd3333&Prime;]\n<blockquote><p><strong><span style=\"font-size: 16px;\">Ne manquez pas l&rsquo;occasion de vous sentir fiers d&rsquo;\u00eatre les finalistes d&rsquo;un \u00e9v\u00e9nement international prestigieux, que ce soit en tant qu&rsquo;individu ou en tant que bin\u00f4me.<\/span><\/strong><\/p><\/blockquote>\n[\/vc_column_text][\/vc_column][vc_column width=\u00a0\u00bb1\/2&Prime;]<style>.vcex-flex-container_6a05fcfb66a6d{gap:30px;}<\/style><div class=\"vcex-flex-container vcex-module wpex-flex wpex-gap-20 vcex-flex-container_6a05fcfb66a6d\"><figure class=\"vcex-image vcex-module\"><div class=\"vcex-image-inner wpex-relative wpex-inline-block vc_custom_1729155181637\"><img width=\"750\" height=\"1125\" src=\"https:\/\/volcatbtt.com\/wp-content\/uploads\/2024\/10\/volcat-igualada-etapa-2-vertical2.jpg\" class=\"vcex-image-img wpex-align-middle\" alt=\"\" loading=\"lazy\" decoding=\"async\" srcset=\"https:\/\/volcatbtt.com\/wp-content\/uploads\/2024\/10\/volcat-igualada-etapa-2-vertical2.jpg 750w, https:\/\/volcatbtt.com\/wp-content\/uploads\/2024\/10\/volcat-igualada-etapa-2-vertical2-200x300.jpg 200w, https:\/\/volcatbtt.com\/wp-content\/uploads\/2024\/10\/volcat-igualada-etapa-2-vertical2-683x1024.jpg 683w\" sizes=\"auto, (max-width: 750px) 100vw, 750px\" \/><\/div><\/figure><figure class=\"vcex-image vcex-module\"><div class=\"vcex-image-inner wpex-relative wpex-inline-block\"><img width=\"750\" height=\"1125\" src=\"https:\/\/volcatbtt.com\/wp-content\/uploads\/2024\/10\/volcat-igualada-etapa-2-vertical.jpg\" class=\"vcex-image-img wpex-align-middle\" alt=\"\" loading=\"lazy\" decoding=\"async\" srcset=\"https:\/\/volcatbtt.com\/wp-content\/uploads\/2024\/10\/volcat-igualada-etapa-2-vertical.jpg 750w, https:\/\/volcatbtt.com\/wp-content\/uploads\/2024\/10\/volcat-igualada-etapa-2-vertical-200x300.jpg 200w, https:\/\/volcatbtt.com\/wp-content\/uploads\/2024\/10\/volcat-igualada-etapa-2-vertical-683x1024.jpg 683w\" sizes=\"auto, (max-width: 750px) 100vw, 750px\" \/><\/div><\/figure><\/div>[\/vc_column][\/vc_row][vc_row visibility=\u00a0\u00bbhidden\u00a0\u00bb][vc_column][vc_column_text]\n<h2 style=\"text-align: center;\">Igualada, centre de la VolCAT<\/h2>\n[\/vc_column_text][\/vc_column][vc_column width=\u00a0\u00bb1\/2&Prime;][vc_column_text]<span style=\"font-size: 16px;\">L&rsquo;adoption d&rsquo;Igualada (Barcelone) comme lieu central de la course a \u00e9galement permis \u00e0 la VolCAT de franchir une nouvelle \u00e9tape. D&rsquo;une part, en facilitant la logistique et, d&rsquo;autre part, en permettant aux organisateurs de travailler sur les itin\u00e9raires ann\u00e9e apr\u00e8s ann\u00e9e, en entretenant constamment les pistes, en cherchant de nouvelles alternatives et en peaufinant, petit \u00e0 petit, des \u00e9tapes qui ne font que s&rsquo;am\u00e9liorer ann\u00e9e apr\u00e8s ann\u00e9e. Sa conception repose sur une pr\u00e9misse claire : offrir le VTT le plus amusant. En mettant l&rsquo;accent sur les pistes qui peuvent plaire aux meilleurs coureurs de la plan\u00e8te et aux cyclistes qui affrontent leur premi\u00e8re course de plusieurs jours. <\/span>[\/vc_column_text][\/vc_column][vc_column width=\u00a0\u00bb1\/2&Prime;][vc_column_text]<span style=\"font-size: 16px;\">La VolCAT est une course pour tous les niveaux, avec diff\u00e9rentes cat\u00e9gories. Vous pouvez concourir au niveau PRO, en ajoutant des points UCI de la cat\u00e9gorie UCI C3. Vous pouvez \u00e9galement concourir dans la modalit\u00e9 OPEN, soit en individuel (toutes les \u00e9tapes), soit en bin\u00f4me, en deux \u00e9tapes, en pouvant \u00eatre une combinaison de deux personnes du m\u00eame sexe ou mixte. A l&rsquo;issue de la derni\u00e8re \u00e9tape, les trois premi\u00e8res paires du classement final de chaque groupe monteront sur le podium. <\/span><\/p>\n<p><span style=\"font-size: 16px;\">Le VolCAT est plus vivant que jamais, avec de nouveaux coins et lieux \u00e0 d\u00e9couvrir au c\u0153ur de la Catalogne.<\/span>[\/vc_column_text][\/vc_column][\/vc_row][vc_row full_width=\u00a0\u00bbstretch_row\u00a0\u00bb remove_bottom_col_margin=\u00a0\u00bbtrue\u00a0\u00bb typography_style=\u00a0\u00bbwhite\u00a0\u00bb css=\u00a0\u00bb.vc_custom_1664882096831{padding-top: 20px !important;padding-bottom: 20px !important;background-color: #dd3333 !important;}\u00a0\u00bb][vc_column width=\u00a0\u00bb2\/3&Prime;][vc_column_text css=\u00a0\u00bb\u00a0\u00bb]\n<p style=\"text-align: center;\"><span style=\"font-size: 21px;\">Qui dirait non \u00e0 trois jours de plaisir et de comp\u00e9tition ?<\/span><\/p>\n[\/vc_column_text][\/vc_column][vc_column width=\u00a0\u00bb1\/3&Prime;]<div class=\"theme-button-wrap textcenter theme-button-block-wrap wpex-block wpex-clear wpex-clr\"><a href=\"https:\/\/volcatbtt.com\/fr\/volcat-igualada\/inscription-volcat-igualada\/\" class=\"vcex-button theme-button minimal-border white medium align-center block\" target=\"_blank\" rel=\"noopener noreferrer\"><span class=\"vcex-button-inner theme-button-inner wpex-flex wpex-flex-wrap wpex-items-center wpex-justify-center\">INSCRIVEZ-VOUS<\/span><\/a><\/div> [\/vc_column][\/vc_row]\n<\/div>","protected":false},"excerpt":{"rendered":"<p>[vc_row full_width=\u00a0\u00bbstretch_row\u00a0\u00bb content_placement=\u00a0\u00bbbottom\u00a0\u00bb typography_style=\u00a0\u00bbwhite\u00a0\u00bb css=\u00a0\u00bb.vc_custom_1729155350823{background: #222222 url(https:\/\/volcatbtt.com\/wp-content\/uploads\/2024\/10\/2024-03-30-volcat-igualada-xxss-premsa-foto-francesc-llado-003-R.jpg?id=109) !important;background-position: center !important;background-repeat: no-repeat !important;background-size: cover !important;}\u00a0\u00bb min_height=\u00a0\u00bb200px\u00a0\u00bb][vc_column][vc_column_text] La course [\/vc_column_text][\/vc_column][\/vc_row][vc_row full_width=\u00a0\u00bbstretch_row\u00a0\u00bb content_placement=\u00a0\u00bbmiddle\u00a0\u00bb remove_bottom_col_margin=\u00a0\u00bbtrue\u00a0\u00bb typography_style=\u00a0\u00bbwhite\u00a0\u00bb][vc_column][vc_widget_sidebar sidebar_id=\u00a0\u00bbbarra-proxima-edicion-volcat-igualada\u00a0\u00bb][\/vc_column][\/vc_row][vc_row full_width=\u00a0\u00bbstretch_row\u00a0\u00bb content_placement=\u00a0\u00bbmiddle\u00a0\u00bb column_spacing=\u00a0\u00bb60&Prime; css=\u00a0\u00bb.vc_custom_1664539705232{padding-top: 80px !important;padding-bottom: 40px !important;}\u00a0\u00bb][vc_column width=\u00a0\u00bb1\/2&Prime;][vc_column_text css=\u00a0\u00bb\u00a0\u00bb] L&rsquo;une des plus anciennes courses par \u00e9tapes d&rsquo;Europe La VolCAT est l&rsquo;une des courses les plus r\u00e9put\u00e9es dans le monde du cyclisme&hellip;<\/p>\n","protected":false},"author":2,"featured_media":0,"parent":427,"menu_order":0,"comment_status":"closed","ping_status":"closed","template":"","meta":{"footnotes":""},"class_list":["post-438","page","type-page","status-publish","hentry","entry","no-media"],"_links":{"self":[{"href":"https:\/\/volcatbtt.com\/fr\/wp-json\/wp\/v2\/pages\/438","targetHints":{"allow":["GET"]}}],"collection":[{"href":"https:\/\/volcatbtt.com\/fr\/wp-json\/wp\/v2\/pages"}],"about":[{"href":"https:\/\/volcatbtt.com\/fr\/wp-json\/wp\/v2\/types\/page"}],"author":[{"embeddable":true,"href":"https:\/\/volcatbtt.com\/fr\/wp-json\/wp\/v2\/users\/2"}],"replies":[{"embeddable":true,"href":"https:\/\/volcatbtt.com\/fr\/wp-json\/wp\/v2\/comments?post=438"}],"version-history":[{"count":4,"href":"https:\/\/volcatbtt.com\/fr\/wp-json\/wp\/v2\/pages\/438\/revisions"}],"predecessor-version":[{"id":12129,"href":"https:\/\/volcatbtt.com\/fr\/wp-json\/wp\/v2\/pages\/438\/revisions\/12129"}],"up":[{"embeddable":true,"href":"https:\/\/volcatbtt.com\/fr\/wp-json\/wp\/v2\/pages\/427"}],"wp:attachment":[{"href":"https:\/\/volcatbtt.com\/fr\/wp-json\/wp\/v2\/media?parent=438"}],"curies":[{"name":"wp","href":"https:\/\/api.w.org\/{rel}","templated":true}]}}