{"id":520,"date":"2024-10-21T13:55:22","date_gmt":"2024-10-21T11:55:22","guid":{"rendered":"https:\/\/wpprovis.com\/volcat-igualada\/la-course-volcat-igualada\/le-siege\/"},"modified":"2024-11-05T13:09:36","modified_gmt":"2024-11-05T11:09:36","slug":"le-siege","status":"publish","type":"page","link":"https:\/\/volcatbtt.com\/fr\/volcat-igualada\/la-course-volcat-igualada\/le-siege\/","title":{"rendered":"Le si\u00e8ge"},"content":{"rendered":"<div class=\"wpb-content-wrapper\">[vc_row full_width=\u00a0\u00bbstretch_row\u00a0\u00bb content_placement=\u00a0\u00bbbottom\u00a0\u00bb typography_style=\u00a0\u00bbwhite\u00a0\u00bb css=\u00a0\u00bb.vc_custom_1729511690738{background-image: url(https:\/\/volcatbtt.com\/wp-content\/uploads\/2024\/10\/top-volcat-igualada.jpg?id=182) !important;background-position: center !important;background-repeat: no-repeat !important;background-size: cover !important;}\u00a0\u00bb min_height=\u00a0\u00bb200px\u00a0\u00bb][vc_column][vc_column_text]\n<h1>Le si\u00e8ge<\/h1>\n[\/vc_column_text][\/vc_column][\/vc_row][vc_row][vc_column]<div class=\"templatera_shortcode\"><style type=\"text\/css\" data-type=\"vc_shortcodes-custom-css\">.vc_custom_1664969251085{padding-top: 20px !important;padding-bottom: 10px !important;background-color: #222222 !important;}<\/style><div class=\"vc_row wpb_row vc_row-fluid vc_custom_1664969251085 vc_row-o-content-middle vc_row-flex wpex-vc-full-width-row wpex-vc-full-width-row--centered wpex-relative wpex-vc_row-has-fill no-bottom-margins wpex-vc-reset-negative-margin typography-white\"><div class=\"wpb_column vc_column_container vc_col-sm-4\"><div class=\"vc_column-inner\"><div class=\"wpb_wrapper\">\n\t<div class=\"wpb_text_column wpb_content_element\" >\n\t\t<div class=\"wpb_wrapper\">\n\t\t\t<p><span style=\"font-size: 18px;\">3-4.04.2026<\/span><\/p>\n\n\t\t<\/div>\n\t<\/div>\n<\/div><\/div><\/div><div class=\"wpb_column vc_column_container vc_col-sm-8\"><div class=\"vc_column-inner\"><div class=\"wpb_wrapper\"><style>.vcex-countdown-wrap.vcex_69dbc0869f348{font-size:20px;}<\/style><div class=\"vcex-countdown-wrap vcex-module vcex_69dbc0869f348\"><div class=\"vcex-countdown vcex-countdown--inline\" data-countdown=\"2026-04-04 09:00\" data-days=\"d.\" data-hours=\"h.\" data-minutes=\"min.\" data-seconds=\"seg.\"><\/div><\/div><\/div><\/div><\/div><\/div><\/div>[\/vc_column][\/vc_row][vc_row full_width=\u00a0\u00bbstretch_row\u00a0\u00bb content_placement=\u00a0\u00bbmiddle\u00a0\u00bb column_spacing=\u00a0\u00bb60&Prime; css=\u00a0\u00bb.vc_custom_1729513513648{padding-bottom: 40px !important;}\u00a0\u00bb][vc_column width=\u00a0\u00bb1\/2&Prime;][vc_column_text]\n<h2>L&rsquo;\u00e9galit\u00e9<\/h2>\n<p><span style=\"font-size: 16px;\">La VolCAT est plus qu&rsquo;une simple course de VTT. Au cours des \u00e9tapes, vous pourrez profiter de pistes reli\u00e9es entre elles qui vous feront passer le plus vite possible. Une exp\u00e9rience que vous et vos compagnons devriez tenter, car vous pourrez d\u00e9couvrir la ville d&rsquo;Igualada et la r\u00e9gion d&rsquo;Anoia, situ\u00e9e au centre de la Catalogne.  <\/span><\/p>\n<p><span style=\"font-size: 16px;\">Des pistes con\u00e7ues pour le coureur et son maximum de plaisir, tout en vous permettant de voir des endroits magnifiques dans la r\u00e9gion que vous n&rsquo;auriez jamais imagin\u00e9s en pratiquant le VTT, comme les montagnes uniques de Montserrat, les cascades&#8230;<\/span><\/p>\n<p><span style=\"font-size: 16px;\">De plus, vous pourrez profiter du paysage gr\u00e2ce au beau temps g\u00e9n\u00e9ralement pr\u00e9sent aux dates de l&rsquo;\u00e9v\u00e9nement.  <\/span>[\/vc_column_text][vc_column_text]\n<h3><span style=\"font-size: 21px; color: #aa1100;\"><strong>VIVEZ UNE EXP\u00c9RIENCE DE VIE !<\/strong><\/span><\/h3>\n[\/vc_column_text][\/vc_column][vc_column width=\u00a0\u00bb1\/2&Prime;][vc_single_image image=\u00a0\u00bb98&Prime; css=\u00a0\u00bb\u00a0\u00bb][\/vc_column][\/vc_row][vc_row full_width=\u00a0\u00bbstretch_row\u00a0\u00bb][vc_column width=\u00a0\u00bb1\/3&Prime;]<style>.vcex-icon-box.vcex_69dbc086a0341 .vcex-icon-box-heading{color:#aa1100;font-size:30px;}.vcex-icon-box.vcex_69dbc086a0341 .vcex-icon-box-icon{font-size:var(--vcex-icon-lg);color:#aa1100;}<\/style><div class=\"vcex-module vcex-icon-box vcex-icon-box-one wpex-flex wpex-text-left vc_custom_1665389572503 vcex_69dbc086a0341\"><div class=\"vcex-icon-box-symbol vcex-icon-box-symbol--icon wpex-flex-shrink-0 wpex-mr-20\"><a href=\"https:\/\/maps.google.com\/maps?ll=41.586093,1.626075&#038;z=17&#038;t=m&#038;hl=es&#038;gl=ES&#038;mapclient=embed&#038;cid=4509064342597204391\" class=\"wpex-no-underline\" target=\"_blank\" rel=\"nofollow noopener noreferrer\"><div class=\"vcex-icon-box-icon wpex-items-center wpex-justify-center wpex-child-inherit-color wpex-text-center wpex-leading-none wpex-flex wpex-text-1\"><span class=\"wpex-flex wpex-icon--w vc_li vc_li-location\" aria-hidden=\"true\"><\/span><\/div><\/a><\/div><div class=\"vcex-icon-box-text wpex-flex-grow\"><h2 class=\"vcex-icon-box-heading wpex-heading wpex-mb-10 wpex-child-inherit-color\"><a href=\"https:\/\/maps.google.com\/maps?ll=41.586093,1.626075&#038;z=17&#038;t=m&#038;hl=es&#038;gl=ES&#038;mapclient=embed&#038;cid=4509064342597204391\" class=\"vcex-icon-box-link wpex-no-underline\" target=\"_blank\" rel=\"nofollow noopener noreferrer\">Comment s&apos;y rendre ?<\/a><\/h2><div class=\"vcex-icon-box-content wpex-last-mb-0 wpex-clr\"><p><a href=\"https:\/\/maps.google.com\/maps?ll=41.586093,1.626075&amp;z=17&amp;t=m&amp;hl=es&amp;gl=ES&amp;mapclient=embed&amp;cid=4509064342597204391\" target=\"_blank\" rel=\"noopener\"><span style=\"font-size: 16px\">Parc central d&rsquo;Igualada<\/span><\/a><br \/>\n08700 Igualada, Barcelone<\/p>\n<\/div><\/div><\/div>[\/vc_column][vc_column width=\u00a0\u00bb1\/3&Prime;][vc_column_text]\n<h4>DE BARCELONE<\/h4>\n<p> <span class=\"UdvAnf\"><span class=\"iQIYjb myy6W\"><span  style=\"color:000;font-size:16px;\" class=\"wpex-icon\" aria-hidden=\"true\"><svg xmlns=\"http:\/\/www.w3.org\/2000\/svg\" viewBox=\"0 0 512 512\"><path d=\"M135.2 117.4L109.1 192H402.9l-26.1-74.6C372.3 104.6 360.2 96 346.6 96H165.4c-13.6 0-25.7 8.6-30.2 21.4zM39.6 196.8L74.8 96.3C88.3 57.8 124.6 32 165.4 32H346.6c40.8 0 77.1 25.8 90.6 64.3l35.2 100.5c23.2 9.6 39.6 32.5 39.6 59.2V400v48c0 17.7-14.3 32-32 32H448c-17.7 0-32-14.3-32-32V400H96v48c0 17.7-14.3 32-32 32H32c-17.7 0-32-14.3-32-32V400 256c0-26.7 16.4-49.6 39.6-59.2zM128 288a32 32 0 1 0 -64 0 32 32 0 1 0 64 0zm288 32a32 32 0 1 0 0-64 32 32 0 1 0 0 64z\"\/><\/svg><\/span> 57 min<\/span> (66,2 km) <\/span>via A-2[\/vc_column_text][vc_column_text]\n<h4>DE TARRAGONA<\/h4>\n<p><span class=\"UdvAnf\"><span class=\"iQIYjb myy6W\"><span  style=\"color:000;font-size:16px;\" class=\"wpex-icon\" aria-hidden=\"true\"><svg xmlns=\"http:\/\/www.w3.org\/2000\/svg\" viewBox=\"0 0 512 512\"><path d=\"M135.2 117.4L109.1 192H402.9l-26.1-74.6C372.3 104.6 360.2 96 346.6 96H165.4c-13.6 0-25.7 8.6-30.2 21.4zM39.6 196.8L74.8 96.3C88.3 57.8 124.6 32 165.4 32H346.6c40.8 0 77.1 25.8 90.6 64.3l35.2 100.5c23.2 9.6 39.6 32.5 39.6 59.2V400v48c0 17.7-14.3 32-32 32H448c-17.7 0-32-14.3-32-32V400H96v48c0 17.7-14.3 32-32 32H32c-17.7 0-32-14.3-32-32V400 256c0-26.7 16.4-49.6 39.6-59.2zM128 288a32 32 0 1 0 -64 0 32 32 0 1 0 64 0zm288 32a32 32 0 1 0 0-64 32 32 0 1 0 0 64z\"\/><\/svg><\/span>  1 h 10 min (90,2 km) via C-15 et AP-7<\/span><\/span>[\/vc_column_text][\/vc_column][vc_column width=\u00a0\u00bb1\/3&Prime;][vc_column_text]\n<h4>DE LLEIDA<\/h4>\n<p><span class=\"UdvAnf\"><span class=\"iQIYjb myy6W\"><span  style=\"color:000;font-size:16px;\" class=\"wpex-icon\" aria-hidden=\"true\"><svg xmlns=\"http:\/\/www.w3.org\/2000\/svg\" viewBox=\"0 0 512 512\"><path d=\"M135.2 117.4L109.1 192H402.9l-26.1-74.6C372.3 104.6 360.2 96 346.6 96H165.4c-13.6 0-25.7 8.6-30.2 21.4zM39.6 196.8L74.8 96.3C88.3 57.8 124.6 32 165.4 32H346.6c40.8 0 77.1 25.8 90.6 64.3l35.2 100.5c23.2 9.6 39.6 32.5 39.6 59.2V400v48c0 17.7-14.3 32-32 32H448c-17.7 0-32-14.3-32-32V400H96v48c0 17.7-14.3 32-32 32H32c-17.7 0-32-14.3-32-32V400 256c0-26.7 16.4-49.6 39.6-59.2zM128 288a32 32 0 1 0 -64 0 32 32 0 1 0 64 0zm288 32a32 32 0 1 0 0-64 32 32 0 1 0 0 64z\"\/><\/svg><\/span>  1 h 4 min (92,9 km) via A-2<\/span><\/span>[\/vc_column_text][vc_column_text]\n<h4>DE GIRONA<\/h4>\n<p><span class=\"UdvAnf\"><span class=\"iQIYjb myy6W\"><span  style=\"color:000;font-size:16px;\" class=\"wpex-icon\" aria-hidden=\"true\"><svg xmlns=\"http:\/\/www.w3.org\/2000\/svg\" viewBox=\"0 0 512 512\"><path d=\"M135.2 117.4L109.1 192H402.9l-26.1-74.6C372.3 104.6 360.2 96 346.6 96H165.4c-13.6 0-25.7 8.6-30.2 21.4zM39.6 196.8L74.8 96.3C88.3 57.8 124.6 32 165.4 32H346.6c40.8 0 77.1 25.8 90.6 64.3l35.2 100.5c23.2 9.6 39.6 32.5 39.6 59.2V400v48c0 17.7-14.3 32-32 32H448c-17.7 0-32-14.3-32-32V400H96v48c0 17.7-14.3 32-32 32H32c-17.7 0-32-14.3-32-32V400 256c0-26.7 16.4-49.6 39.6-59.2zM128 288a32 32 0 1 0 -64 0 32 32 0 1 0 64 0zm288 32a32 32 0 1 0 0-64 32 32 0 1 0 0 64z\"\/><\/svg><\/span>  1 h 38 min (147,2 km) via A-2 et AP-7<\/span><\/span>[\/vc_column_text][\/vc_column][\/vc_row]\n<\/div>","protected":false},"excerpt":{"rendered":"Le si\u00e8ge 3-4.04.2026 L'\u00e9galit\u00e9 La VolCAT est plus qu'une simple course de VTT. Au cours des \u00e9tapes, vous pourrez profiter de pistes reli\u00e9es entre elles qui vous feront passer le plus vite possible. Une exp\u00e9rience que vous et vos compagnons devriez tenter, car vous pourrez d\u00e9couvrir la ville d'Igualada et la r\u00e9gion d'Anoia, situ\u00e9e au&hellip;","protected":false},"author":2,"featured_media":0,"parent":438,"menu_order":0,"comment_status":"closed","ping_status":"closed","template":"","meta":{"footnotes":""},"class_list":["post-520","page","type-page","status-publish","hentry","entry","no-media"],"_links":{"self":[{"href":"https:\/\/volcatbtt.com\/fr\/wp-json\/wp\/v2\/pages\/520","targetHints":{"allow":["GET"]}}],"collection":[{"href":"https:\/\/volcatbtt.com\/fr\/wp-json\/wp\/v2\/pages"}],"about":[{"href":"https:\/\/volcatbtt.com\/fr\/wp-json\/wp\/v2\/types\/page"}],"author":[{"embeddable":true,"href":"https:\/\/volcatbtt.com\/fr\/wp-json\/wp\/v2\/users\/2"}],"replies":[{"embeddable":true,"href":"https:\/\/volcatbtt.com\/fr\/wp-json\/wp\/v2\/comments?post=520"}],"version-history":[{"count":2,"href":"https:\/\/volcatbtt.com\/fr\/wp-json\/wp\/v2\/pages\/520\/revisions"}],"predecessor-version":[{"id":535,"href":"https:\/\/volcatbtt.com\/fr\/wp-json\/wp\/v2\/pages\/520\/revisions\/535"}],"up":[{"embeddable":true,"href":"https:\/\/volcatbtt.com\/fr\/wp-json\/wp\/v2\/pages\/438"}],"wp:attachment":[{"href":"https:\/\/volcatbtt.com\/fr\/wp-json\/wp\/v2\/media?parent=520"}],"curies":[{"name":"wp","href":"https:\/\/api.w.org\/{rel}","templated":true}]}}