{"id":587,"date":"2024-10-24T10:50:02","date_gmt":"2024-10-24T08:50:02","guid":{"rendered":"https:\/\/wpprovis.com\/volcat-igualada\/la-course-volcat-igualada\/volcat-kids-igualada\/"},"modified":"2026-03-10T12:08:58","modified_gmt":"2026-03-10T10:08:58","slug":"volcat-kids-igualada","status":"publish","type":"page","link":"https:\/\/volcatbtt.com\/fr\/volcat-igualada\/la-course-volcat-igualada\/volcat-kids-igualada\/","title":{"rendered":"Volcat Kids Igualada"},"content":{"rendered":"<div class=\"wpb-content-wrapper\">[vc_row full_width=\u00a0\u00bbstretch_row\u00a0\u00bb content_placement=\u00a0\u00bbbottom\u00a0\u00bb typography_style=\u00a0\u00bbwhite\u00a0\u00bb css=\u00a0\u00bb.vc_custom_1729759867944{background: #222222 url(https:\/\/volcatbtt.com\/wp-content\/uploads\/2024\/10\/volcat-kids-igualada-2.jpg?id=196) !important;background-position: center !important;background-repeat: no-repeat !important;background-size: cover !important;}\u00a0\u00bb min_height=\u00a0\u00bb200px\u00a0\u00bb wpex_bg_position=\u00a0\u00bb75% 35%\u00a0\u00bb][vc_column][vc_column_text]\n<h1>Volcat Kids Igualada<\/h1>\n[\/vc_column_text][\/vc_column][\/vc_row][vc_row full_width=\u00a0\u00bbstretch_row\u00a0\u00bb content_placement=\u00a0\u00bbmiddle\u00a0\u00bb remove_bottom_col_margin=\u00a0\u00bbtrue\u00a0\u00bb typography_style=\u00a0\u00bbwhite\u00a0\u00bb][vc_column][vc_widget_sidebar sidebar_id=\u00a0\u00bbbarra-proxima-edicion-volcat-igualada\u00a0\u00bb][\/vc_column][\/vc_row][vc_row][vc_column]<div class=\"vcex-spacing wpex-w-100 wpex-clear\"><\/div>[vc_column_text]\n<h2 style=\"text-align: center;\">Arriv\u00e9e de VolCAT Kids<\/h2>\n[\/vc_column_text][\/vc_column][\/vc_row][vc_row][vc_column width=\u00a0\u00bb1\/2&Prime;][vc_single_image image=\u00a0\u00bb363&Prime; css=\u00a0\u00bb\u00a0\u00bb][\/vc_column][vc_column width=\u00a0\u00bb1\/2&Prime;][vc_column_text css=\u00a0\u00bb\u00a0\u00bb]<span style=\"font-size: 16px;\">Au sein de la VolCAT Igualada, il y a aussi de la place pour les enfants. Ceux qui pourraient \u00eatre les futurs comp\u00e9titeurs de la VolCAT auront leur moment pendant ces journ\u00e9es de comp\u00e9tition. <\/span><\/p>\n<p><span style=\"font-size: 16px;\">Tandis que les meilleurs v\u00e9t\u00e9tistes du monde se disputeront la victoire, les cyclistes \u00e2g\u00e9s de 2 \u00e0 14 ans (ayant atteint leur anniversaire dans l&rsquo;ann\u00e9e de l&rsquo;\u00e9v\u00e9nement) pourront \u00e9galement participer de mani\u00e8re non comp\u00e9titive.<\/span>[\/vc_column_text]<div class=\"vcex-spacing wpex-w-100 wpex-clear\"><\/div><style>.vcex-icon-box.vcex_69db9907865be .vcex-icon-box-heading{font-size:20px;}<\/style><div class=\"vcex-module vcex-icon-box vcex-icon-box-one wpex-flex wpex-text-left vcex_69db9907865be\"><div class=\"vcex-icon-box-symbol vcex-icon-box-symbol--icon wpex-flex-shrink-0 wpex-mr-20\"><div class=\"vcex-icon-box-icon wpex-items-center wpex-justify-center wpex-child-inherit-color wpex-text-center wpex-leading-none wpex-flex wpex-text-1\"><span class=\"wpex-flex wpex-icon--w wpex-icon\" aria-hidden=\"true\"><svg xmlns=\"http:\/\/www.w3.org\/2000\/svg\" viewBox=\"0 0 448 512\"><path d=\"M152 24c0-13.3-10.7-24-24-24s-24 10.7-24 24V64H64C28.7 64 0 92.7 0 128v16 48V448c0 35.3 28.7 64 64 64H384c35.3 0 64-28.7 64-64V192 144 128c0-35.3-28.7-64-64-64H344V24c0-13.3-10.7-24-24-24s-24 10.7-24 24V64H152V24zM48 192h80v56H48V192zm0 104h80v64H48V296zm128 0h96v64H176V296zm144 0h80v64H320V296zm80-48H320V192h80v56zm0 160v40c0 8.8-7.2 16-16 16H320V408h80zm-128 0v56H176V408h96zm-144 0v56H64c-8.8 0-16-7.2-16-16V408h80zM272 248H176V192h96v56z\"\/><\/svg><\/span><\/div><\/div><div class=\"vcex-icon-box-text wpex-flex-grow\"><h2 class=\"vcex-icon-box-heading wpex-heading wpex-mb-10\">3 AVRIL 2026<\/h2><\/div><\/div><div class=\"vcex-spacing wpex-w-100 wpex-clear\"><\/div>[vc_column_text css=\u00a0\u00bb\u00a0\u00bb]<span style=\"font-size: 16px;\">Les courses se d\u00e9rouleront dans la zone des paddocks et le festival sur un circuit ferm\u00e9.<\/span><\/p>\n<p><strong><span style=\"font-size: 16px;\">CATEGORIES :<\/span><\/strong><\/p>\n<p><span style=\"font-size: 16px;\">Baby: 2 &#8211; 4 ans<br \/>\nPr\u00e9 Benjamin : 5 &#8211; 6 ans<\/span><br \/>\n<span style=\"font-size: 16px;\">Benjamin : 7 &#8211; 8 ans<\/span><br \/>\n<span style=\"font-size: 16px;\">D\u00e9butants : 9 &#8211; 10 ans<\/span><br \/>\n<span style=\"font-size: 16px;\">Alev\u00edn 1\u00e8re et 2\u00e8me ann\u00e9e : 11 &#8211; 12 ans<\/span><br \/>\n<span style=\"font-size: 16px;\">Nourrisson 1\u00e8re et 2\u00e8me ann\u00e9e : 13 &#8211; 14 ans<\/span><\/p>\n<p><span style=\"font-size: 16px;\">La participation \u00e0 cette course est gratuite, mais il est n\u00e9cessaire de s&rsquo;inscrire \u00e0 l&rsquo;aide du formulaire suivant afin d&rsquo;obtenir un dossard et de recevoir un cadeau de participation.<\/span><\/p>\n<p><span style=\"font-size: 16px;\">A la fin de la course, une collation sera offerte \u00e0 tous les participants de la Volcat Kids Igualada.<\/span>[\/vc_column_text][\/vc_column][\/vc_row][vc_row][vc_column][vc_column_text]\n<h3 style=\"text-align: center;\">Vous voulez profiter des VolCAT Kids ?<\/h3>\n<p id=\"tw-target-text\" class=\"tw-data-text tw-text-large tw-ta\" dir=\"ltr\" style=\"text-align: center;\" data-placeholder=\"Traducci\u00f3n\"><span class=\"Y2IQFc\" lang=\"es\" style=\"font-size: 16px;\">Ce sera la grande f\u00eate du v\u00e9lo \u00e0 Igualada !<\/span><\/p>\n[\/vc_column_text]<div class=\"vcex-spacing wpex-w-100 wpex-clear\"><\/div><style>.vcex-button.vcex_69db9907874ce{background:#bf0a08;color:#ffffff!important;}.vcex-button.vcex_69db9907874ce:hover{background:#000000!important;color:#ffffff!important;}<\/style><div class=\"theme-button-wrap textcenter theme-button-block-wrap wpex-block wpex-clear wpex-clr\"><a href=\"https:\/\/www.rockthesport.com\/fr\/evenement\/volcat-igualada-by-scott-2026\/inscription\/selectionnez-tarif?&#038;fee_tag=kids\" class=\"vcex-button theme-button minimal-border large align-center block vcex_69db9907874ce\" target=\"_blank\" rel=\"noopener noreferrer\"><span class=\"vcex-button-inner theme-button-inner wpex-flex wpex-flex-wrap wpex-items-center wpex-justify-center\">INSCRIPTIONS<\/span><\/a><\/div> [\/vc_column][\/vc_row][vc_row][vc_column width=\u00a0\u00bb1\/3&Prime;]<figure class=\"vcex-image vcex-module\"><div class=\"vcex-image-inner wpex-relative wpex-inline-block\"><a href=\"https:\/\/volcatbtt.com\/wp-content\/uploads\/2024\/10\/2024-03-30-volcat-kids-igualada-scaled.jpg\" class=\"wpex-lightbox\"><img width=\"2560\" height=\"1707\" src=\"https:\/\/volcatbtt.com\/wp-content\/uploads\/2024\/10\/2024-03-30-volcat-kids-igualada-scaled.jpg\" class=\"vcex-image-img wpex-align-middle\" alt=\"\" loading=\"lazy\" decoding=\"async\" srcset=\"https:\/\/volcatbtt.com\/wp-content\/uploads\/2024\/10\/2024-03-30-volcat-kids-igualada-scaled.jpg 2560w, https:\/\/volcatbtt.com\/wp-content\/uploads\/2024\/10\/2024-03-30-volcat-kids-igualada-300x200.jpg 300w, https:\/\/volcatbtt.com\/wp-content\/uploads\/2024\/10\/2024-03-30-volcat-kids-igualada-1024x683.jpg 1024w, https:\/\/volcatbtt.com\/wp-content\/uploads\/2024\/10\/2024-03-30-volcat-kids-igualada-768x512.jpg 768w, https:\/\/volcatbtt.com\/wp-content\/uploads\/2024\/10\/2024-03-30-volcat-kids-igualada-1536x1024.jpg 1536w, https:\/\/volcatbtt.com\/wp-content\/uploads\/2024\/10\/2024-03-30-volcat-kids-igualada-2048x1365.jpg 2048w\" sizes=\"auto, (max-width: 2560px) 100vw, 2560px\" \/><\/a><\/div><\/figure>[\/vc_column][vc_column width=\u00a0\u00bb1\/3&Prime;]<figure class=\"vcex-image vcex-module\"><div class=\"vcex-image-inner wpex-relative wpex-inline-block\"><a href=\"https:\/\/volcatbtt.com\/wp-content\/uploads\/2024\/10\/volcat-kids-igualada-1.jpg\" class=\"wpex-lightbox\"><img width=\"1000\" height=\"667\" src=\"https:\/\/volcatbtt.com\/wp-content\/uploads\/2024\/10\/volcat-kids-igualada-1.jpg\" class=\"vcex-image-img wpex-align-middle\" alt=\"\" loading=\"lazy\" decoding=\"async\" srcset=\"https:\/\/volcatbtt.com\/wp-content\/uploads\/2024\/10\/volcat-kids-igualada-1.jpg 1000w, https:\/\/volcatbtt.com\/wp-content\/uploads\/2024\/10\/volcat-kids-igualada-1-300x200.jpg 300w, https:\/\/volcatbtt.com\/wp-content\/uploads\/2024\/10\/volcat-kids-igualada-1-768x512.jpg 768w\" sizes=\"auto, (max-width: 1000px) 100vw, 1000px\" \/><\/a><\/div><\/figure>[\/vc_column][vc_column width=\u00a0\u00bb1\/3&Prime;]<figure class=\"vcex-image vcex-module\"><div class=\"vcex-image-inner wpex-relative wpex-inline-block\"><a href=\"https:\/\/volcatbtt.com\/wp-content\/uploads\/2024\/10\/volcat-kids-igualada-2.jpg\" class=\"wpex-lightbox\"><img width=\"1536\" height=\"997\" src=\"https:\/\/volcatbtt.com\/wp-content\/uploads\/2024\/10\/volcat-kids-igualada-2.jpg\" class=\"vcex-image-img wpex-align-middle\" alt=\"\" loading=\"lazy\" decoding=\"async\" srcset=\"https:\/\/volcatbtt.com\/wp-content\/uploads\/2024\/10\/volcat-kids-igualada-2.jpg 1536w, https:\/\/volcatbtt.com\/wp-content\/uploads\/2024\/10\/volcat-kids-igualada-2-300x195.jpg 300w, https:\/\/volcatbtt.com\/wp-content\/uploads\/2024\/10\/volcat-kids-igualada-2-1024x665.jpg 1024w, https:\/\/volcatbtt.com\/wp-content\/uploads\/2024\/10\/volcat-kids-igualada-2-768x499.jpg 768w\" sizes=\"auto, (max-width: 1536px) 100vw, 1536px\" \/><\/a><\/div><\/figure>[\/vc_column][\/vc_row][vc_row][vc_column][vc_widget_sidebar sidebar_id=\u00a0\u00bbprimera-columna-logo\u00a0\u00bb][\/vc_column][\/vc_row]\n<\/div>","protected":false},"excerpt":{"rendered":"<p>[vc_row full_width=\u00a0\u00bbstretch_row\u00a0\u00bb content_placement=\u00a0\u00bbbottom\u00a0\u00bb typography_style=\u00a0\u00bbwhite\u00a0\u00bb css=\u00a0\u00bb.vc_custom_1729759867944{background: #222222 url(https:\/\/volcatbtt.com\/wp-content\/uploads\/2024\/10\/volcat-kids-igualada-2.jpg?id=196) !important;background-position: center !important;background-repeat: no-repeat !important;background-size: cover !important;}\u00a0\u00bb min_height=\u00a0\u00bb200px\u00a0\u00bb wpex_bg_position=\u00a0\u00bb75% 35%\u00a0\u00bb][vc_column][vc_column_text] Volcat Kids Igualada [\/vc_column_text][\/vc_column][\/vc_row][vc_row full_width=\u00a0\u00bbstretch_row\u00a0\u00bb content_placement=\u00a0\u00bbmiddle\u00a0\u00bb remove_bottom_col_margin=\u00a0\u00bbtrue\u00a0\u00bb typography_style=\u00a0\u00bbwhite\u00a0\u00bb][vc_column][vc_widget_sidebar sidebar_id=\u00a0\u00bbbarra-proxima-edicion-volcat-igualada\u00a0\u00bb][\/vc_column][\/vc_row][vc_row][vc_column][vc_column_text] Arriv\u00e9e de VolCAT Kids [\/vc_column_text][\/vc_column][\/vc_row][vc_row][vc_column width=\u00a0\u00bb1\/2&Prime;][vc_single_image image=\u00a0\u00bb363&Prime; css=\u00a0\u00bb\u00a0\u00bb][\/vc_column][vc_column width=\u00a0\u00bb1\/2&Prime;][vc_column_text css=\u00a0\u00bb\u00a0\u00bb]Au sein de la VolCAT Igualada, il y a aussi de la place pour les enfants. Ceux qui pourraient \u00eatre&hellip;<\/p>\n","protected":false},"author":2,"featured_media":0,"parent":438,"menu_order":0,"comment_status":"closed","ping_status":"closed","template":"","meta":{"footnotes":""},"class_list":["post-587","page","type-page","status-publish","hentry","entry","no-media"],"_links":{"self":[{"href":"https:\/\/volcatbtt.com\/fr\/wp-json\/wp\/v2\/pages\/587","targetHints":{"allow":["GET"]}}],"collection":[{"href":"https:\/\/volcatbtt.com\/fr\/wp-json\/wp\/v2\/pages"}],"about":[{"href":"https:\/\/volcatbtt.com\/fr\/wp-json\/wp\/v2\/types\/page"}],"author":[{"embeddable":true,"href":"https:\/\/volcatbtt.com\/fr\/wp-json\/wp\/v2\/users\/2"}],"replies":[{"embeddable":true,"href":"https:\/\/volcatbtt.com\/fr\/wp-json\/wp\/v2\/comments?post=587"}],"version-history":[{"count":14,"href":"https:\/\/volcatbtt.com\/fr\/wp-json\/wp\/v2\/pages\/587\/revisions"}],"predecessor-version":[{"id":12482,"href":"https:\/\/volcatbtt.com\/fr\/wp-json\/wp\/v2\/pages\/587\/revisions\/12482"}],"up":[{"embeddable":true,"href":"https:\/\/volcatbtt.com\/fr\/wp-json\/wp\/v2\/pages\/438"}],"wp:attachment":[{"href":"https:\/\/volcatbtt.com\/fr\/wp-json\/wp\/v2\/media?parent=587"}],"curies":[{"name":"wp","href":"https:\/\/api.w.org\/{rel}","templated":true}]}}